{"id":143,"date":"2016-09-21T09:12:38","date_gmt":"2016-09-21T09:12:38","guid":{"rendered":"http:\/\/virtuaalivirtuoosit.fi\/?page_id=143"},"modified":"2017-03-16T11:13:34","modified_gmt":"2017-03-16T11:13:34","slug":"pelillisyys","status":"publish","type":"page","link":"https:\/\/virtuaalivirtuoosit.fi\/?page_id=143","title":{"rendered":"Pelillisyys"},"content":{"rendered":"<p><strong>PEDAGOGISEN PELIK\u00c4SIKIRJOITTAMISEN MALLI<\/strong><\/p>\n<p>Hyria: Malli:\u00a0<a href=\"https:\/\/drive.google.com\/file\/d\/0B5JeaXGRjULWNHRJUGcwMkZVTUU\/view?usp=sharing\" target=\"_blank\">Gamification<\/a><\/p>\n<p>Pelik\u00e4sikirjoituksen suunnittelulomake:\u00a0<a href=\"http:\/\/virtuaalivirtuoosit.fi\/wp-content\/uploads\/2016\/09\/K\u00e4sikirjoituksen-suunnittelulomake.pdf\" target=\"_blank\">K\u00e4sikirjoituksen suunnittelulomake<\/a><\/p>\n<p>Brahe:\u00a0Omien vahvuuksien kehitt\u00e4minen vapauden valinnan kautta. Kun opiskelijat saivat normaalia suuremman vapauden toteuttaa projektin, p\u00e4\u00e4siv\u00e4t he toteuttamaan omia vahvuuksiaan tehokkaammin. Hyv\u00e4 esimerkki oli autopaja-projektissa kirjoitettu pelisuunnitelma (proof of consept). Opiskelija oli kiinnostunut pelien suunnittelusta ja k\u00e4sikirjoittamisesta ja h\u00e4n p\u00e4\u00e4si hankkeessa toteuttamaan tarkemman ja laajemman pelisuunnitelman kuin mit\u00e4 opetussuunnitelmassa ja normaalissa opetustilanteessa olisi vaadittu.<\/p>\n<p><strong>HYRIA<\/strong><\/p>\n<p>Seppo pelialustaa on (www.seppo.io) k\u00e4ytetty erityisesti sosiaali- ja terveysa<a href=\"http:\/\/virtuaalivirtuoosit.fi\/wp-content\/uploads\/2016\/09\/20161122_142018.jpg\"><img loading=\"lazy\" decoding=\"async\" class=\" wp-image-297 alignright\" src=\"http:\/\/virtuaalivirtuoosit.fi\/wp-content\/uploads\/2016\/09\/20161122_142018-300x180.jpg\" alt=\"20161122_142018\" width=\"222\" height=\"133\" srcset=\"https:\/\/virtuaalivirtuoosit.fi\/wp-content\/uploads\/2016\/09\/20161122_142018-300x180.jpg 300w, https:\/\/virtuaalivirtuoosit.fi\/wp-content\/uploads\/2016\/09\/20161122_142018-768x461.jpg 768w, https:\/\/virtuaalivirtuoosit.fi\/wp-content\/uploads\/2016\/09\/20161122_142018-1024x614.jpg 1024w\" sizes=\"auto, (max-width: 222px) 100vw, 222px\" \/><\/a>lan opiskelussa. Peliin sijoitettuja teht\u00e4vi\u00e4 ratkotaan ty\u00f6el\u00e4m\u00e4yhteyksiss\u00e4 oppilaitoksen ulkopuolella. Itslearning oppimisalustan ty\u00f6kaluja hy\u00f6dynt\u00e4en on rakennettu pelillisi\u00e4 ominaisuuksia sis\u00e4lt\u00e4vi\u00e4 kurssialueita. esim. Baarikoulutukseen on tehty Coctails -kurssialue, jossa opiskelija voi itsen\u00e4isesti harjoitella juomasekoitusten tekemist\u00e4. Kahta edell\u00e4mainittua ja NFC-teknologiaa hy\u00f6dynt\u00e4en rakennetaan syksyn 2016 aikana lajintunnistamiseen liittyv\u00e4 peli.<\/p>\n<p><strong>Opiskelijat, opettajat ja ty\u00f6paikkaohjaajat yhteiskehitt\u00e4m\u00e4ss\u00e4<\/strong><\/p>\n<p>Hyriassa rakennetaan yhteisty\u00f6ss\u00e4 AvaDive yhti\u00f6n kanssa virtuaalista Hyria Village ymp\u00e4rist\u00f6\u00e4. Pelin konsepti laadittiin kev\u00e4\u00e4n-kes\u00e4n 2016 aikana eri alojen opettajien ja opiskelijoiden kanssa. Pilotointi aloitetaan lokakuun 2016 aikana ja mukaan tulee n. 20 opiskelijaa ja 6-7 opettajaa. Toteutuksessa rakennetaan pelillinen virtuaalinen malli, johon opiskelijan on mahdollista koota oma &#8221;studio&#8221;, jossa voi esitell\u00e4 osaamistaan. Hyria Village koostuu virtuaalisista eri alojen rakennuksista ja sinne tulee my\u00f6s oma rakennus ty\u00f6el\u00e4m\u00e4n edustajille (yritykset, yhteis\u00f6t).<\/p>\n<p><strong>Pedagogisen pelik\u00e4sikirjoittamisen malli<\/strong><\/p>\n<p>Malli on viimeistely\u00e4 vaille valmis. Loppuhiomisessa hy\u00f6dynnet\u00e4\u00e4n edell\u00e4 kuvatun prosessin aikana saatuja kokemuksia. Malli on julkaisuvalmis viimeist\u00e4\u00e4n marraskuun 2016 loppuun menness\u00e4.<\/p>\n<p>&nbsp;<\/p>\n<p><strong>KOULUTUSKESKUS BRAHE<\/strong><\/p>\n<p>Koulutuskeskus Brahessa on pyritty miettim\u00e4\u00e4n kuinka pelillisyytt\u00e4 voitaisiin k\u00e4ytt\u00e4\u00e4 oppimisen ty\u00f6kaluna sek\u00e4 opiskelijoille ett\u00e4 henkil\u00f6st\u00f6lle. Lybeckerin opiston peli- ja animaatiotuotannon ja Raahen ammattiopiston autopuolen yhteisess\u00e4 projektissa mietittiin ensin oppimista hankaloittavia tekij\u00f6it\u00e4 ja sen j\u00e4lkeen kuinka niit\u00e4 voitaisiin parantaa pelillisin keinoin.<\/p>\n<p><strong>Autopaja-ty\u00f6ryhm\u00e4<\/strong><\/p>\n<p>Alkukartoitus tehtiin sek\u00e4 henkil\u00f6kunnalle ett\u00e4 opiskelijoille suunnatulla kyselyll\u00e4 ja haastattelemalla opiskelijoita pienryhmiss\u00e4. Kyselyyn vastasi yhteens\u00e4 121 Raahen ammattiopiston ja Vantaan Varian autoalan opiskelijaa ja kaksi henkil\u00f6kunnan edustajaa. Alkututkimuksen perusteella laadittiin suunnitteludokumentti (game design document), joka toimii ohjenuorana pelin tekij\u00f6ille.<\/p>\n<p><iframe loading=\"lazy\" src=\"https:\/\/drive.google.com\/a\/eduvantaa.fi\/file\/d\/0B1ZSHqs8JvV3MGFOSVVJYkpZX1k\/preview\" width=\"640\" height=\"480\"><\/iframe><\/p>\n<p>Pelin tekemisest\u00e4 ja suunnittelusta on vastannut peli- ja animaatiotuotannon opiskelijoiden 2. ja 3. vuoden opiskelijat (n. 30 opiskelijaa), joista p\u00e4\u00e4vastuun on ottanut n. 5 &#8211; 8 hengen ryhm\u00e4. Autopuolelta asiantuntijoina opiskelijoista on toiminut 2. ja 3. vuoden autopuolen opiskelijat (n. 30 opiskelijaa). Henkil\u00f6kuntaa on ollut mukana kaksi peli- ja animaatiopuolen opettajaa ja yksi autopuolen opettaja.<\/p>\n<p>Syksyll\u00e4 2016 saatiin pelin demoversio valmiiksi (proof of concept) ja testattiin sit\u00e4.<\/p>\n<p><a href=\"http:\/\/virtuaalivirtuoosit.fi\/wp-content\/uploads\/2016\/09\/20161122_141811.jpg\"><img loading=\"lazy\" decoding=\"async\" class=\"alignnone size-medium wp-image-298\" src=\"http:\/\/virtuaalivirtuoosit.fi\/wp-content\/uploads\/2016\/09\/20161122_141811-300x180.jpg\" alt=\"20161122_141811\" width=\"300\" height=\"180\" srcset=\"https:\/\/virtuaalivirtuoosit.fi\/wp-content\/uploads\/2016\/09\/20161122_141811-300x180.jpg 300w, https:\/\/virtuaalivirtuoosit.fi\/wp-content\/uploads\/2016\/09\/20161122_141811-768x461.jpg 768w, https:\/\/virtuaalivirtuoosit.fi\/wp-content\/uploads\/2016\/09\/20161122_141811-1024x614.jpg 1024w\" sizes=\"auto, (max-width: 300px) 100vw, 300px\" \/><\/a><\/p>\n<p>Lopputuloksena projektissa toteutettiin sovellus, jota opiskelijat voivat k\u00e4ytt\u00e4\u00e4 omilla \u00e4lypuhelimillaan opetellessaan auton korjaamista.<\/p>\n<p>Esittelyvideo<br \/>\n<iframe loading=\"lazy\" src=\"https:\/\/www.youtube.com\/embed\/hyVlVEK0Pbc?ecver=1\" width=\"560\" height=\"315\" frameborder=\"0\" allowfullscreen=\"allowfullscreen\"><\/iframe><\/p>\n<p>&nbsp;<\/p>\n<p><strong>Opintopolkijat-ty\u00f6ryhm\u00e4<\/strong><\/p>\n<p>Opintopolkijat peliprojektissa opiskelijat kehitt\u00e4v\u00e4t ty\u00f6kalua, jolla voitaisiin esitell\u00e4 Lybeckerin opiston opintojen sis\u00e4lt\u00f6\u00e4 virtuaalisessa 3D-ymp\u00e4rist\u00f6ss\u00e4. Pelin pelaaja p\u00e4\u00e4see tutustumaan eri objektien kautta opiston linjoihin ja mahdollisiin opinpolkuihin. Peli suunnitellaan toimivaksi sek\u00e4 tietokoneen n\u00e4yt\u00f6lt\u00e4, ett\u00e4 virtuaalilaseilla pelattavaksi. Pelin toteutuksen p\u00e4\u00e4vastuussa on viisi sisustussuunnittelun ja sisustusrakentamisen opiskelijaa ja kuusi peli- ja animaatiotuotannon opiskelijaa. Lis\u00e4ksi pelin tekemiseen osallistuvat 2. ja 3. vuoden peli- ja animaatiotuotannon opiskelijat (30 kpl) ja 2.vuoden graafisen suunnittelun opiskelijat (15 kpl). Henkil\u00f6kuntaa projektissa on mukana viisi opettajaa.<\/p>\n<p><a href=\"http:\/\/virtuaalivirtuoosit.fi\/wp-content\/uploads\/2016\/09\/20161122_141201.jpg\"><img loading=\"lazy\" decoding=\"async\" class=\"alignnone size-medium wp-image-299\" src=\"http:\/\/virtuaalivirtuoosit.fi\/wp-content\/uploads\/2016\/09\/20161122_141201-300x180.jpg\" alt=\"20161122_141201\" width=\"300\" height=\"180\" srcset=\"https:\/\/virtuaalivirtuoosit.fi\/wp-content\/uploads\/2016\/09\/20161122_141201-300x180.jpg 300w, https:\/\/virtuaalivirtuoosit.fi\/wp-content\/uploads\/2016\/09\/20161122_141201-768x461.jpg 768w, https:\/\/virtuaalivirtuoosit.fi\/wp-content\/uploads\/2016\/09\/20161122_141201-1024x614.jpg 1024w\" sizes=\"auto, (max-width: 300px) 100vw, 300px\" \/><\/a><\/p>\n<p>Projektissa\u00a0opiskelijat toteuttivat opinto-oppaasta sovelluksen, jossa \u201cpelaaja\u201d voi tutustua opintolinjoihin virtuaalitilassa joko virtuaalilasien v\u00e4lityksell\u00e4 tai tietokoneen ruudun kautta.<\/p>\n<p>Toimivan demon (300mb) voit ladata osoitteesta: <a href=\"http:\/\/www.lybesaitti.com\/virtuaalivirtuoosit\/opintopolkijat.zip\">www.lybesaitti.com\/virtuaalivirtuoosit\/opintopolkijat.zip<\/a><\/p>\n<p>Esittelyvideo<br \/>\n<iframe loading=\"lazy\" src=\"https:\/\/www.youtube.com\/embed\/JEjmtTk8S44?ecver=1\" width=\"560\" height=\"315\" frameborder=\"0\" allowfullscreen=\"allowfullscreen\"><\/iframe><\/p>\n<p>&nbsp;<\/p>\n<p>&nbsp;<\/p>\n<p><strong>L\u00c4NSI-UUDENMAAN KOULUTUSKUNTAYHTYM\u00c4 LUKSIA<\/strong><\/p>\n<p>Luksiassa on rakennettu (ja rakennetaan) hotellisimulaattoria yhdess\u00e4 Tavastian Matkailukillan kanssa. Hotellisimulaattori on hotellin varausohjelmiston simulaattori yhdistettyn\u00e4 roolipelin\u00e4 pelattuun asiakaspalvelutilanteeseen ja taustaprojisioon. Simulaattori arpoo asiakastilanteet.<\/p>\n<p>Hotellisimulaattorin 1. vaihe, kev\u00e4t 2016. Luksiasta mukana 15 Tieto- ja viestint\u00e4tekniikan 3. vsk:n opiskelijaa. Ohjelmointia Adobe Flash -sovelluksella.<\/p>\n<p>Hotellisimulaattorin 2. vaihe, syksy 2016. Luksiasta mukana 2 Tieto- ja viestint\u00e4tekniikan 3. vsk:n opiskelijaa. Verkko-ohjelmointia ja SQL-ohjelmointia.<\/p>\n<p>Tavoitteena viel\u00e4 osallistaa Luksian 2. vsk:n media-assistenttiopiskelijoita simulaattorin grafiikan kehitt\u00e4misess\u00e4 ennen lopullisen tuotteen julkaisua.<\/p>\n<p><a href=\"http:\/\/virtuaalivirtuoosit.fi\/wp-content\/uploads\/2016\/09\/20161122_142037.jpg\"><img loading=\"lazy\" decoding=\"async\" class=\"alignnone size-medium wp-image-300\" src=\"http:\/\/virtuaalivirtuoosit.fi\/wp-content\/uploads\/2016\/09\/20161122_142037-300x180.jpg\" alt=\"20161122_142037\" width=\"300\" height=\"180\" srcset=\"https:\/\/virtuaalivirtuoosit.fi\/wp-content\/uploads\/2016\/09\/20161122_142037-300x180.jpg 300w, https:\/\/virtuaalivirtuoosit.fi\/wp-content\/uploads\/2016\/09\/20161122_142037-768x461.jpg 768w, https:\/\/virtuaalivirtuoosit.fi\/wp-content\/uploads\/2016\/09\/20161122_142037-1024x614.jpg 1024w\" sizes=\"auto, (max-width: 300px) 100vw, 300px\" \/><\/a> <a href=\"http:\/\/virtuaalivirtuoosit.fi\/wp-content\/uploads\/2016\/09\/20161122_142050.jpg\"><img loading=\"lazy\" decoding=\"async\" class=\"alignnone size-medium wp-image-301\" src=\"http:\/\/virtuaalivirtuoosit.fi\/wp-content\/uploads\/2016\/09\/20161122_142050-300x180.jpg\" alt=\"20161122_142050\" width=\"300\" height=\"180\" srcset=\"https:\/\/virtuaalivirtuoosit.fi\/wp-content\/uploads\/2016\/09\/20161122_142050-300x180.jpg 300w, https:\/\/virtuaalivirtuoosit.fi\/wp-content\/uploads\/2016\/09\/20161122_142050-768x461.jpg 768w, https:\/\/virtuaalivirtuoosit.fi\/wp-content\/uploads\/2016\/09\/20161122_142050-1024x614.jpg 1024w\" sizes=\"auto, (max-width: 300px) 100vw, 300px\" \/><\/a><\/p>\n<p>&nbsp;<\/p>\n<p><strong>AMMATTIOPISTO TAVASTIA<\/strong><\/p>\n<p>Matkailukillassa on rakennettu hotellisimulaattoria yhteisty\u00f6ss\u00e4 Luksian kanssa.<\/p>\n<p>Hotellisimulaattori on hotellin varausohjelmiston simulaattori yhdistettyn\u00e4 roolipelin\u00e4 pelattuun asiakaspalvelutilanteeseen ja taustaprojisioon. Simulaattori arpoo asiakastilanteet.<\/p>\n<p>Matkailukillasta on ollut mukana simulaattorin tuottamisessa 10 opiskelijaa ja 3 opettajaa.<\/p>\n<p>Tavastiassa hy\u00f6dynnet\u00e4\u00e4n Seppo-pelialustaa. Opiskelijat tuottavat toiselleen pelej\u00e4, joissa tehd\u00e4\u00e4n teht\u00e4vi\u00e4 jollain m\u00e4\u00e4r\u00e4tyll\u00e4 alueella. Syksyn aikana tuotetaan pelej\u00e4, jotka ovat toiminnassa pidemm\u00e4n ajan. Peleiss\u00e4 tutustutaan erilaisiin yrityksiin ja kohteisiin mm. valokuvaten\/videoiden niit\u00e4 ja palautetaan tuotokset opettajalle\/ohjaajalle pelin kautta. Ne mahdollistavat ajasta riippumattoman oppimisen silloin, kun opiskelijalle itselleen parhaiten sopii. Pelien tuottamiseen ja niiden pelaamiseen osallistuvat alkuvaiheessa Matkailukillan opettajat (5) ja opiskelijat (noin 70).<\/p>\n<p>Seppo-pelialustalla (www.seppo.io) opiskelijat voivat mobiililaitteiden avulla ratkaista teht\u00e4vi\u00e4 ja selvitt\u00e4\u00e4 asioita siell\u00e4, miss\u00e4 opiskeltavat asiat tapahtuvat, aidoissa ymp\u00e4rist\u00f6iss\u00e4.<\/p>\n<p><strong>Tuotettuja pelillisi\u00e4 sis\u00e4lt\u00f6j\u00e4<\/strong><\/p>\n<p>Tavastiassa on tekeill\u00e4 on 360-ymp\u00e4rist\u00f6ihin perustuva \u201dTavastia Resort\u201d, jossa opiskelija voi tutustua matkailu, hotelli-, ravintola- ja puhdistuspalvelualan ty\u00f6ymp\u00e4rist\u00f6ihin. Ymp\u00e4rist\u00f6ss\u00e4 opiskelija tutustuu ja tekee teht\u00e4vi\u00e4 \u201dmatkailukeskuksen\u201d eri yksik\u00f6iss\u00e4, kuten hotellissa, ravintolan keitti\u00f6ss\u00e4 ja salissa, varauskeskuksessa, siivouskeskuksessa jne.<\/p>\n<p><a href=\"http:\/\/virtuaalivirtuoosit.fi\/wp-content\/uploads\/2016\/09\/20161122_141119.jpg\"><img loading=\"lazy\" decoding=\"async\" class=\"alignnone size-medium wp-image-302\" src=\"http:\/\/virtuaalivirtuoosit.fi\/wp-content\/uploads\/2016\/09\/20161122_141119-300x180.jpg\" alt=\"20161122_141119\" width=\"300\" height=\"180\" srcset=\"https:\/\/virtuaalivirtuoosit.fi\/wp-content\/uploads\/2016\/09\/20161122_141119-300x180.jpg 300w, https:\/\/virtuaalivirtuoosit.fi\/wp-content\/uploads\/2016\/09\/20161122_141119-768x461.jpg 768w, https:\/\/virtuaalivirtuoosit.fi\/wp-content\/uploads\/2016\/09\/20161122_141119-1024x614.jpg 1024w\" sizes=\"auto, (max-width: 300px) 100vw, 300px\" \/><\/a><\/p>\n<p>&nbsp;<\/p>\n<p><strong>VANTAAN AMMATTIOPISTO VARIA<\/strong><\/p>\n<p><strong>ICT-ala<\/strong><\/p>\n<p>Variassa pelillisyytt\u00e4 on toteutettu mm. ICT-alalla perusopintojen yhteydess\u00e4. Sulautetut j\u00e4rjestelm\u00e4t opinnoissa\u00a0opiskelijat ovat opetelleet ohjelmointia ja tehneet k\u00e4yt\u00e4nn\u00f6n harjoitteita mm. Flowcodella. My\u00f6s Arduino (<a href=\"https:\/\/www.arduino.cc\/\">https:\/\/www.arduino.cc\/<\/a>) on ollut k\u00e4yt\u00f6ss\u00e4. Starter Kit for Arduino l\u00f6ytyy t\u00e4\u00e4lt\u00e4: <a href=\"http:\/\/wiki.epalsite.com\/index.php?title=Starter_Kit_for_Arduino\" target=\"_blank\">http:\/\/wiki.epalsite.com\/index.php?title=Starter_Kit_for_Arduino<\/a>.\u00a0Yksinkertainen ohjelmointipeli ohjelmoinnin alkeista kiinnostuneille l\u00f6ytyy osoitteesta\u00a0<a href=\"https:\/\/blockly-games.appspot.com\/\" target=\"_blank\">https:\/\/blockly-games.appspot.com\/<\/a>.<\/p>\n<div id=\"attachment_220\" style=\"width: 306px\" class=\"wp-caption alignnone\"><a href=\"http:\/\/virtuaalivirtuoosit.fi\/wp-content\/uploads\/2016\/09\/20160929_101637.jpg\"><img loading=\"lazy\" decoding=\"async\" aria-describedby=\"caption-attachment-220\" class=\"size-medium wp-image-220\" src=\"http:\/\/virtuaalivirtuoosit.fi\/wp-content\/uploads\/2016\/09\/20160929_101637-300x180.jpg\" alt=\"Opiskelijaty\u00f6 Sulautetut j\u00e4rjestelm\u00e4t -tunnilta\" width=\"300\" height=\"180\" srcset=\"https:\/\/virtuaalivirtuoosit.fi\/wp-content\/uploads\/2016\/09\/20160929_101637-300x180.jpg 300w, https:\/\/virtuaalivirtuoosit.fi\/wp-content\/uploads\/2016\/09\/20160929_101637-768x461.jpg 768w, https:\/\/virtuaalivirtuoosit.fi\/wp-content\/uploads\/2016\/09\/20160929_101637-1024x614.jpg 1024w\" sizes=\"auto, (max-width: 300px) 100vw, 300px\" \/><\/a><p id=\"caption-attachment-220\" class=\"wp-caption-text\">Opiskelijaty\u00f6 Sulautetut j\u00e4rjestelm\u00e4t -tunnilta<\/p><\/div>\n<p><strong>Logistiikka<\/strong><\/p>\n<p>Logistiikan alalla uusien opiskelijoiden oppilaitokseen tutustuminen\u00a0tehtiin geok\u00e4tk\u00f6ilyn hengess\u00e4 23.8.2016.<\/p>\n<p><a href=\"http:\/\/virtuaalivirtuoosit.fi\/wp-content\/uploads\/2016\/09\/variageo1.jpg\"><img loading=\"lazy\" decoding=\"async\" class=\"alignnone size-medium wp-image-174\" src=\"http:\/\/virtuaalivirtuoosit.fi\/wp-content\/uploads\/2016\/09\/variageo1-300x180.jpg\" alt=\"variageo1\" width=\"300\" height=\"180\" srcset=\"https:\/\/virtuaalivirtuoosit.fi\/wp-content\/uploads\/2016\/09\/variageo1-300x180.jpg 300w, https:\/\/virtuaalivirtuoosit.fi\/wp-content\/uploads\/2016\/09\/variageo1-768x461.jpg 768w, https:\/\/virtuaalivirtuoosit.fi\/wp-content\/uploads\/2016\/09\/variageo1-1024x614.jpg 1024w\" sizes=\"auto, (max-width: 300px) 100vw, 300px\" \/><\/a>\u00a0\u00a0<a href=\"http:\/\/virtuaalivirtuoosit.fi\/wp-content\/uploads\/2016\/09\/variageo2.jpg\"><img loading=\"lazy\" decoding=\"async\" class=\"alignnone size-medium wp-image-172\" src=\"http:\/\/virtuaalivirtuoosit.fi\/wp-content\/uploads\/2016\/09\/variageo2-300x180.jpg\" alt=\"variageo2\" width=\"300\" height=\"180\" srcset=\"https:\/\/virtuaalivirtuoosit.fi\/wp-content\/uploads\/2016\/09\/variageo2-300x180.jpg 300w, https:\/\/virtuaalivirtuoosit.fi\/wp-content\/uploads\/2016\/09\/variageo2-768x461.jpg 768w, https:\/\/virtuaalivirtuoosit.fi\/wp-content\/uploads\/2016\/09\/variageo2-1024x614.jpg 1024w\" sizes=\"auto, (max-width: 300px) 100vw, 300px\" \/><\/a><\/p>\n<p>My\u00f6s opettajat tutustuivat\u00a0geok\u00e4tk\u00f6ilyyn 9.9.2016 Lohjalla.<\/p>\n<p><a href=\"http:\/\/virtuaalivirtuoosit.fi\/wp-content\/uploads\/2016\/09\/variageoopet.jpg\"><img loading=\"lazy\" decoding=\"async\" class=\"alignnone size-medium wp-image-173\" src=\"http:\/\/virtuaalivirtuoosit.fi\/wp-content\/uploads\/2016\/09\/variageoopet-300x180.jpg\" alt=\"variageoopet\" width=\"300\" height=\"180\" srcset=\"https:\/\/virtuaalivirtuoosit.fi\/wp-content\/uploads\/2016\/09\/variageoopet-300x180.jpg 300w, https:\/\/virtuaalivirtuoosit.fi\/wp-content\/uploads\/2016\/09\/variageoopet-768x461.jpg 768w, https:\/\/virtuaalivirtuoosit.fi\/wp-content\/uploads\/2016\/09\/variageoopet-1024x614.jpg 1024w\" sizes=\"auto, (max-width: 300px) 100vw, 300px\" \/><\/a><\/p>\n<p>Logistiikan alalla opiskelijat ovat tutustuneet VR-laseihin, 360-sis\u00e4lt\u00f6ihin ja sis\u00e4lt\u00f6jen tuottamiseen. Syksyn aikana tuotetaan erilaisia materiaaleja VR-ymp\u00e4rist\u00f6ihin. Yksi opiskelijaryhm\u00e4 (n.15 opiskelijaa) on mm. kuvannut toimipisteen halleja 360-kameralla. 360-kuvaamista k\u00e4ytet\u00e4\u00e4n my\u00f6s interaktiivisten ThingLink-sis\u00e4lt\u00f6jen tuottamisessa.<\/p>\n<p><a href=\"http:\/\/virtuaalivirtuoosit.fi\/wp-content\/uploads\/2016\/09\/IMG-20160916-WA0000.jpg\"><img loading=\"lazy\" decoding=\"async\" class=\"alignnone wp-image-252\" src=\"http:\/\/virtuaalivirtuoosit.fi\/wp-content\/uploads\/2016\/09\/IMG-20160916-WA0000-300x300.jpg\" alt=\"img-20160916-wa0000\" width=\"233\" height=\"233\" srcset=\"https:\/\/virtuaalivirtuoosit.fi\/wp-content\/uploads\/2016\/09\/IMG-20160916-WA0000-300x300.jpg 300w, https:\/\/virtuaalivirtuoosit.fi\/wp-content\/uploads\/2016\/09\/IMG-20160916-WA0000-150x150.jpg 150w, https:\/\/virtuaalivirtuoosit.fi\/wp-content\/uploads\/2016\/09\/IMG-20160916-WA0000-768x768.jpg 768w, https:\/\/virtuaalivirtuoosit.fi\/wp-content\/uploads\/2016\/09\/IMG-20160916-WA0000-1024x1024.jpg 1024w, https:\/\/virtuaalivirtuoosit.fi\/wp-content\/uploads\/2016\/09\/IMG-20160916-WA0000-50x50.jpg 50w, https:\/\/virtuaalivirtuoosit.fi\/wp-content\/uploads\/2016\/09\/IMG-20160916-WA0000.jpg 1600w\" sizes=\"auto, (max-width: 233px) 100vw, 233px\" \/><\/a><\/p>\n<p>Opiskelijat ovat olleet mukana kehitt\u00e4m\u00e4ss\u00e4 Variassa 360-kuvaamista, sis\u00e4ll\u00f6ntuotantoa, VR-lasien k\u00e4ytt\u00f6\u00e4 ja erityisen aktiivisesti HTC Vive virtuaalilasien ja simulaatiopelien asentamisessa ja kehitt\u00e4misess\u00e4.<\/p>\n<ul>\n<li>360-kuvaus (Samsung Gear 360-kamera)<\/li>\n<li>VR-lasit (Samsung Gear &amp; HTC Vive)<\/li>\n<li>Sis\u00e4ll\u00f6ntuotanto (kuvat, videot, ThingLinkit)<\/li>\n<li>HTC Vive + simulaatiopelit, lis\u00e4osien asentaminen peleihin<\/li>\n<\/ul>\n<p>Alla olevissa videossa esitell\u00e4\u00e4n 360-kuvaamista ja VR-lasien k\u00e4ytt\u00f6\u00e4 sek\u00e4 HTC Vive -virtuaalilasien demonstraatiota:<\/p>\n<p><iframe loading=\"lazy\" src=\"https:\/\/www.youtube.com\/embed\/DMa5X06Pkos\" width=\"560\" height=\"315\" frameborder=\"0\" allowfullscreen=\"allowfullscreen\"><\/iframe><br \/>\n<iframe loading=\"lazy\" src=\"https:\/\/www.youtube.com\/embed\/W9oJ5pUgSJk\" width=\"560\" height=\"315\" frameborder=\"0\" allowfullscreen=\"allowfullscreen\"><\/iframe><\/p>\n<p>T\u00e4st\u00e4 linkist\u00e4 p\u00e4\u00e4set katsomaan videossa kuvattua 360-kuvaa:\u00a0<a href=\"https:\/\/goo.gl\/photos\/FPCsThCsznWSUutj6\" target=\"_blank\">https:\/\/goo.gl\/photos\/FPCsThCsznWSUutj6<\/a><\/p>\n<p><strong>ThingLink<\/strong><\/p>\n<p>Alla olevissa ThingLinkeiss\u00e4 on logistiikan alan Massatavarakuljetukset -tutkinnon osaan kuuluvia sis\u00e4lt\u00f6j\u00e4. Mukana kuvaamassa on ollut opiskelijoita kahdesta logistiikan ryhm\u00e4st\u00e4. Opiskelijakommentin mukaan tekeminen oli &#8221;Iha hyv\u00e4&#8221;.<br \/>\n<iframe loading=\"lazy\" src=\"https:\/\/www.thinglink.com\/mediacard\/860508734613356545\" width=\"640\" height=\"400\" frameborder=\"0\" allowfullscreen=\"allowfullscreen\"><\/iframe><\/p>\n<p><iframe loading=\"lazy\" src=\"https:\/\/www.thinglink.com\/mediacard\/860085018561609728\" width=\"640\" height=\"400\" frameborder=\"0\" allowfullscreen=\"allowfullscreen\"><\/iframe><br \/>\n<img decoding=\"async\" class=\"alwaysThinglink\" style=\"max-width: 100%;\" src=\"\/\/cdn.thinglink.me\/api\/image\/849889251578347520\/1024\/10\/scaletowidth#tl-849889251578347520;1043138249'\" \/><script async charset=\"utf-8\" src=\"\/\/cdn.thinglink.me\/jse\/embed.js\"><\/script><br \/>\n<img decoding=\"async\" class=\"alwaysThinglink\" style=\"max-width: 100%;\" src=\"\/\/cdn.thinglink.me\/api\/image\/860112135093485568\/1024\/10\/scaletowidth#tl-860112135093485568;1043138249'\" \/><script async charset=\"utf-8\" src=\"\/\/cdn.thinglink.me\/jse\/embed.js\"><\/script><\/p>\n<p><img decoding=\"async\" class=\"alwaysThinglink\" style=\"max-width: 100%;\" src=\"\/\/cdn.thinglink.me\/api\/image\/861166995331088385\/1024\/10\/scaletowidth#tl-861166995331088385;1043138249'\" \/><script async charset=\"utf-8\" src=\"\/\/cdn.thinglink.me\/jse\/embed.js\"><\/script><\/p>\n<p><img decoding=\"async\" class=\"alwaysThinglink\" style=\"max-width: 100%;\" src=\"\/\/cdn.thinglink.me\/api\/image\/861171952272801793\/1024\/10\/scaletowidth#tl-861171952272801793;1043138249'\" \/><script async charset=\"utf-8\" src=\"\/\/cdn.thinglink.me\/jse\/embed.js\"><\/script><\/p>\n<p><strong>Simulaatiopelit logistiikan opiskelussa<\/strong><\/p>\n<p>Logistiikan koulutukseen sis\u00e4ltyy harjoittelua erityyppisill\u00e4 ty\u00f6koneilla ja ajoneuvoilla, niiden korjaus- ja huoltoteht\u00e4vi\u00e4 sek\u00e4 lastaus- ja kuljetustoimintaa. Hyvi\u00e4 oppimistuloksia saavutetaan yhdist\u00e4m\u00e4ll\u00e4 simulaattoriharjoittelua ja oikeiden ty\u00f6koneiden ja ajoneuvojen k\u00e4ytt\u00f6\u00e4. Simulaattorit ovat kustannustehokas ja turvallinen keino kuljetusv\u00e4lineiden k\u00e4yt\u00f6n harjoitteluun. Opiskelijat p\u00e4\u00e4sev\u00e4t nopeasti harjoitteisiin ja harjoitteiden toistaminen on helppoa. My\u00f6s vaarallisia tilanteita voidaan harjoitella turvallisesti. Pelillinen ja virtuaalinen maailma motivoi opiskelijoita. Hyv\u00e4t simulaatiopelit tarjoavat edullisen, mutta samalla kuitenkin parhaimmillaan hyvinkin realistisen oppimisymp\u00e4rist\u00f6n.\u00a0Peleiss\u00e4 voidaan k\u00e4ytt\u00e4\u00e4 harrastajien kehitt\u00e4mi\u00e4 lis\u00e4osia, joilla ajokokemus on entist\u00e4 realistisempi. Variassa Euro Truck Simulator -peliin on yhdistetty HTC Vive -VR-lasit. Opiskelijalla on virtuaalilasien kautta 360-n\u00e4kym\u00e4 realistiseen ohjaamoon ja ymp\u00e4rist\u00f6\u00f6n. Muut opiskelijat voivat seurata n\u00e4kym\u00e4\u00e4 ja simulaation etenemist\u00e4 videotykin kautta. Oppimista tapahtuu siis sek\u00e4 ajaessa ett\u00e4 seuratessa. Lis\u00e4ksi simulaatio voidaan nauhoittaa, jolloi tapahtumia voidaan k\u00e4sitell\u00e4 my\u00f6s j\u00e4lkik\u00e4teen.<\/p>\n<p>Alla olevassa videossa esitell\u00e4\u00e4n OMSI 2-bussisimulaattoria:<br \/>\n<iframe loading=\"lazy\" src=\"https:\/\/www.youtube.com\/embed\/Ml9ktVupsw8\" width=\"560\" height=\"315\" frameborder=\"0\" allowfullscreen=\"allowfullscreen\"><\/iframe><\/p>\n","protected":false},"excerpt":{"rendered":"<p>PEDAGOGISEN PELIK\u00c4SIKIRJOITTAMISEN MALLI Hyria: Malli:\u00a0Gamification Pelik\u00e4sikirjoituksen suunnittelulomake:\u00a0K\u00e4sikirjoituksen suunnittelulomake Brahe:\u00a0Omien vahvuuksien kehitt\u00e4minen vapauden valinnan kautta. Kun opiskelijat saivat normaalia suuremman vapauden toteuttaa projektin, p\u00e4\u00e4siv\u00e4t he toteuttamaan omia vahvuuksiaan tehokkaammin. Hyv\u00e4 esimerkki oli autopaja-projektissa kirjoitettu pelisuunnitelma (proof of consept). Opiskelija oli kiinnostunut pelien suunnittelusta ja k\u00e4sikirjoittamisesta ja h\u00e4n p\u00e4\u00e4si hankkeessa toteuttamaan tarkemman ja laajemman pelisuunnitelman kuin mit\u00e4&hellip;<\/p>\n","protected":false},"author":1,"featured_media":0,"parent":140,"menu_order":1,"comment_status":"closed","ping_status":"closed","template":"","meta":{"footnotes":""},"class_list":["post-143","page","type-page","status-publish","hentry"],"_links":{"self":[{"href":"https:\/\/virtuaalivirtuoosit.fi\/index.php?rest_route=\/wp\/v2\/pages\/143","targetHints":{"allow":["GET"]}}],"collection":[{"href":"https:\/\/virtuaalivirtuoosit.fi\/index.php?rest_route=\/wp\/v2\/pages"}],"about":[{"href":"https:\/\/virtuaalivirtuoosit.fi\/index.php?rest_route=\/wp\/v2\/types\/page"}],"author":[{"embeddable":true,"href":"https:\/\/virtuaalivirtuoosit.fi\/index.php?rest_route=\/wp\/v2\/users\/1"}],"replies":[{"embeddable":true,"href":"https:\/\/virtuaalivirtuoosit.fi\/index.php?rest_route=%2Fwp%2Fv2%2Fcomments&post=143"}],"version-history":[{"count":38,"href":"https:\/\/virtuaalivirtuoosit.fi\/index.php?rest_route=\/wp\/v2\/pages\/143\/revisions"}],"predecessor-version":[{"id":364,"href":"https:\/\/virtuaalivirtuoosit.fi\/index.php?rest_route=\/wp\/v2\/pages\/143\/revisions\/364"}],"up":[{"embeddable":true,"href":"https:\/\/virtuaalivirtuoosit.fi\/index.php?rest_route=\/wp\/v2\/pages\/140"}],"wp:attachment":[{"href":"https:\/\/virtuaalivirtuoosit.fi\/index.php?rest_route=%2Fwp%2Fv2%2Fmedia&parent=143"}],"curies":[{"name":"wp","href":"https:\/\/api.w.org\/{rel}","templated":true}]}}