{"id":149,"date":"2016-09-21T09:14:16","date_gmt":"2016-09-21T09:14:16","guid":{"rendered":"http:\/\/virtuaalivirtuoosit.fi\/?page_id=149"},"modified":"2017-01-24T10:23:28","modified_gmt":"2017-01-24T10:23:28","slug":"rfid-nfc","status":"publish","type":"page","link":"https:\/\/virtuaalivirtuoosit.fi\/?page_id=149","title":{"rendered":"RFID &#038; NFC"},"content":{"rendered":"<p><strong>HYRIA<\/strong><\/p>\n<p>Syksyn 2016 aikana NFC-tarrat ovat tulossa k\u00e4ytt\u00f6\u00f6n lajintunnistuspelin yhteydess\u00e4.<\/p>\n<p><strong>LUKSIA<\/strong><\/p>\n<p><a href=\"http:\/\/virtuaalivirtuoosit.fi\/wp-content\/uploads\/2016\/09\/20161122_140909.jpg\"><img loading=\"lazy\" decoding=\"async\" class=\"alignnone size-medium wp-image-309\" src=\"http:\/\/virtuaalivirtuoosit.fi\/wp-content\/uploads\/2016\/09\/20161122_140909-300x180.jpg\" alt=\"20161122_140909\" width=\"300\" height=\"180\" srcset=\"https:\/\/virtuaalivirtuoosit.fi\/wp-content\/uploads\/2016\/09\/20161122_140909-300x180.jpg 300w, https:\/\/virtuaalivirtuoosit.fi\/wp-content\/uploads\/2016\/09\/20161122_140909-768x461.jpg 768w, https:\/\/virtuaalivirtuoosit.fi\/wp-content\/uploads\/2016\/09\/20161122_140909-1024x614.jpg 1024w\" sizes=\"auto, (max-width: 300px) 100vw, 300px\" \/><\/a><\/p>\n<p><a href=\"http:\/\/virtuaalivirtuoosit.fi\/wp-content\/uploads\/2016\/09\/20161122_140938.jpg\"><img loading=\"lazy\" decoding=\"async\" class=\"alignnone size-medium wp-image-310\" src=\"http:\/\/virtuaalivirtuoosit.fi\/wp-content\/uploads\/2016\/09\/20161122_140938-300x180.jpg\" alt=\"20161122_140938\" width=\"300\" height=\"180\" srcset=\"https:\/\/virtuaalivirtuoosit.fi\/wp-content\/uploads\/2016\/09\/20161122_140938-300x180.jpg 300w, https:\/\/virtuaalivirtuoosit.fi\/wp-content\/uploads\/2016\/09\/20161122_140938-768x461.jpg 768w, https:\/\/virtuaalivirtuoosit.fi\/wp-content\/uploads\/2016\/09\/20161122_140938-1024x614.jpg 1024w\" sizes=\"auto, (max-width: 300px) 100vw, 300px\" \/><\/a><\/p>\n<p><a href=\"http:\/\/virtuaalivirtuoosit.fi\/wp-content\/uploads\/2016\/09\/20161122_140909.jpg\"><img loading=\"lazy\" decoding=\"async\" class=\"alignnone size-medium wp-image-308\" src=\"http:\/\/virtuaalivirtuoosit.fi\/wp-content\/uploads\/2016\/09\/20161122_140858-300x180.jpg\" alt=\"20161122_140858\" width=\"300\" height=\"180\" srcset=\"https:\/\/virtuaalivirtuoosit.fi\/wp-content\/uploads\/2016\/09\/20161122_140858-300x180.jpg 300w, https:\/\/virtuaalivirtuoosit.fi\/wp-content\/uploads\/2016\/09\/20161122_140858-768x461.jpg 768w, https:\/\/virtuaalivirtuoosit.fi\/wp-content\/uploads\/2016\/09\/20161122_140858-1024x614.jpg 1024w\" sizes=\"auto, (max-width: 300px) 100vw, 300px\" \/><\/a><\/p>\n<p><strong>VANTAAN AMMATTIOPISTO VARIA<\/strong><\/p>\n<p><strong>Logistiikka<\/strong><\/p>\n<p>Lukuvuonna 2015-2016 Varian 1.vuoden logistiikan opiskelijaryhm\u00e4 (n. 20 opiskelijaa) k\u00e4vi l\u00e4pi RFID-perusteita. Sama ryhm\u00e4 teki projektin, jossa tarroitettiin kaksi simulaattoria ja kaksi trukkia NFC-tarroilla. My\u00f6s ICT-alan opiskelijat\u00a0opettelivat NFC-tarrojen k\u00e4ytt\u00f6\u00e4 lukuvuonna 2015-2016.<\/p>\n<p>Logistiikan opiskelijat tekiv\u00e4t ajoonl\u00e4ht\u00f6tarkastuksen ohjeistuksen ty\u00f6nt\u00f6mastotrukille. Tarra kiinnitettiin trukkiin:<\/p>\n<p><a href=\"http:\/\/virtuaalivirtuoosit.fi\/wp-content\/uploads\/2016\/09\/20161110_123522.jpg\"><img loading=\"lazy\" decoding=\"async\" class=\"alignnone size-medium wp-image-260\" src=\"http:\/\/virtuaalivirtuoosit.fi\/wp-content\/uploads\/2016\/09\/20161110_123522-300x169.jpg\" alt=\"20161110_123522\" width=\"300\" height=\"169\" srcset=\"https:\/\/virtuaalivirtuoosit.fi\/wp-content\/uploads\/2016\/09\/20161110_123522-300x169.jpg 300w, https:\/\/virtuaalivirtuoosit.fi\/wp-content\/uploads\/2016\/09\/20161110_123522-768x432.jpg 768w, https:\/\/virtuaalivirtuoosit.fi\/wp-content\/uploads\/2016\/09\/20161110_123522-1024x576.jpg 1024w, https:\/\/virtuaalivirtuoosit.fi\/wp-content\/uploads\/2016\/09\/20161110_123522-460x260.jpg 460w\" sizes=\"auto, (max-width: 300px) 100vw, 300px\" \/><\/a><\/p>\n<p>Puhelimella tarraa luettaessa avautuu nettiselaimeen Padlet, johon ty\u00f6nt\u00f6mastotrukin ajoonl\u00e4ht\u00f6tarkastuksen ohjeet on koottu:<\/p>\n<div class=\"padlet-embed\" style=\"border: 1px solid rgba(0,0,0,0.1); border-radius: 2px; overflow: hidden; position: relative; width: 100%; background: #F4F4F4;\">\n<p style=\"padding: 0; margin: 0;\"><iframe loading=\"lazy\" style=\"width: 100%; height: 608px; display: block;\" src=\"https:\/\/padlet.com\/embed\/uz2372ztjm23\" width=\"300\" height=\"150\" frameborder=\"0\"><\/iframe><\/p>\n<div style=\"padding: 8px; text-align: right; margin: 0;\"><a style=\"padding: 0; margin: 0; border: none; display: block; line-height: 1; height: 16px;\" href=\"https:\/\/padlet.com?ref=embed\" target=\"_blank\"><img loading=\"lazy\" decoding=\"async\" style=\"padding: 0; margin: 0; border: none; display: inline;\" src=\"https:\/\/resources.padletcdn.com\/assets\/made_with_padlet.png\" alt=\"Made with Padlet\" width=\"86\" height=\"16\" \/><\/a><\/div>\n<\/div>\n<p class=\"x_MsoListParagraph\">Vastaava ohjeistus tehtiin vastapainotrukista:<\/p>\n<p class=\"x_MsoListParagraph\"><a href=\"http:\/\/virtuaalivirtuoosit.fi\/wp-content\/uploads\/2016\/09\/20161110_123658.jpg\"><img loading=\"lazy\" decoding=\"async\" class=\"alignnone size-medium wp-image-263\" src=\"http:\/\/virtuaalivirtuoosit.fi\/wp-content\/uploads\/2016\/09\/20161110_123658-169x300.jpg\" alt=\"20161110_123658\" width=\"169\" height=\"300\" srcset=\"https:\/\/virtuaalivirtuoosit.fi\/wp-content\/uploads\/2016\/09\/20161110_123658-169x300.jpg 169w, https:\/\/virtuaalivirtuoosit.fi\/wp-content\/uploads\/2016\/09\/20161110_123658-768x1365.jpg 768w, https:\/\/virtuaalivirtuoosit.fi\/wp-content\/uploads\/2016\/09\/20161110_123658-576x1024.jpg 576w, https:\/\/virtuaalivirtuoosit.fi\/wp-content\/uploads\/2016\/09\/20161110_123658.jpg 1306w\" sizes=\"auto, (max-width: 169px) 100vw, 169px\" \/><\/a><\/p>\n<div class=\"padlet-embed\" style=\"border: 1px solid rgba(0,0,0,0.1); border-radius: 2px; overflow: hidden; position: relative; width: 100%; background: #F4F4F4;\">\n<p style=\"padding: 0; margin: 0;\"><iframe loading=\"lazy\" style=\"width: 100%; height: 608px; display: block;\" src=\"https:\/\/padlet.com\/embed\/92ga8wnxc04x\" width=\"300\" height=\"150\" frameborder=\"0\"><\/iframe><\/p>\n<div style=\"padding: 8px; text-align: right; margin: 0;\"><a style=\"padding: 0; margin: 0; border: none; display: block; line-height: 1; height: 16px;\" href=\"https:\/\/padlet.com?ref=embed\" target=\"_blank\"><img loading=\"lazy\" decoding=\"async\" style=\"padding: 0; margin: 0; border: none; display: inline;\" src=\"https:\/\/resources.padletcdn.com\/assets\/made_with_padlet.png\" alt=\"Made with Padlet\" width=\"86\" height=\"16\" \/><\/a><\/div>\n<\/div>\n<p class=\"x_MsoListParagraph\">Py\u00f6r\u00e4kuormaajasimulaattorin tarrassa on ohjeita simulaattorin k\u00e4ytt\u00f6\u00f6n:<\/p>\n<p class=\"x_MsoListParagraph\"><a href=\"http:\/\/virtuaalivirtuoosit.fi\/wp-content\/uploads\/2016\/09\/20161110_123605.jpg\"><img loading=\"lazy\" decoding=\"async\" class=\"alignnone size-medium wp-image-264\" src=\"http:\/\/virtuaalivirtuoosit.fi\/wp-content\/uploads\/2016\/09\/20161110_123605-300x169.jpg\" alt=\"20161110_123605\" width=\"300\" height=\"169\" srcset=\"https:\/\/virtuaalivirtuoosit.fi\/wp-content\/uploads\/2016\/09\/20161110_123605-300x169.jpg 300w, https:\/\/virtuaalivirtuoosit.fi\/wp-content\/uploads\/2016\/09\/20161110_123605-768x432.jpg 768w, https:\/\/virtuaalivirtuoosit.fi\/wp-content\/uploads\/2016\/09\/20161110_123605-1024x576.jpg 1024w, https:\/\/virtuaalivirtuoosit.fi\/wp-content\/uploads\/2016\/09\/20161110_123605-460x260.jpg 460w\" sizes=\"auto, (max-width: 300px) 100vw, 300px\" \/><\/a><\/p>\n<div class=\"padlet-embed\" style=\"border: 1px solid rgba(0,0,0,0.1); border-radius: 2px; overflow: hidden; position: relative; width: 100%; background: #F4F4F4;\">\n<p style=\"padding: 0; margin: 0;\"><iframe loading=\"lazy\" style=\"width: 100%; height: 608px; display: block;\" src=\"https:\/\/padlet.com\/embed\/ox2tk6md5w79\" width=\"300\" height=\"150\" frameborder=\"0\"><\/iframe><\/p>\n<div style=\"padding: 8px; text-align: right; margin: 0;\"><a style=\"padding: 0; margin: 0; border: none; display: block; line-height: 1; height: 16px;\" href=\"https:\/\/padlet.com?ref=embed\" target=\"_blank\"><img loading=\"lazy\" decoding=\"async\" style=\"padding: 0; margin: 0; border: none; display: inline;\" src=\"https:\/\/resources.padletcdn.com\/assets\/made_with_padlet.png\" alt=\"Made with Padlet\" width=\"86\" height=\"16\" \/><\/a><\/div>\n<\/div>\n<p class=\"x_MsoListParagraph\"><strong>Autoala<\/strong><\/p>\n<p class=\"x_MsoListParagraph\">Syksyn 2016 aikana Varian autoalan opiskelijat ovat tehneet ty\u00f6ohjeita ja k\u00e4ytt\u00f6ohjeita, joita jaetaan NFC-tarrojen ja\u00a0QR-koodien avulla muille opiskelijoille. Ensimm\u00e4isen\u00e4 tehtiin akkutesterin k\u00e4ytt\u00f6ohje ComicStrip-sovelluksella. Toisena valmistuu\u00a0Hunter HawkEye -nelipy\u00f6r\u00e4suuntauslaitteen ty\u00f6ohje videomuodossa (PowerPoint-esitys, jossa mukana \u00e4\u00e4ni ja\/tai video).<\/p>\n<div id=\"attachment_210\" style=\"width: 345px\" class=\"wp-caption alignnone\"><a href=\"http:\/\/virtuaalivirtuoosit.fi\/wp-content\/uploads\/2016\/09\/akkutesteriNFC.jpg\"><img loading=\"lazy\" decoding=\"async\" aria-describedby=\"caption-attachment-210\" class=\" wp-image-210\" src=\"http:\/\/virtuaalivirtuoosit.fi\/wp-content\/uploads\/2016\/09\/akkutesteriNFC-300x225.jpg\" alt=\"Akkutesterin ohje NFC-tarrassa\" width=\"339\" height=\"258\" \/><\/a><p id=\"caption-attachment-210\" class=\"wp-caption-text\">Akkutesterin ohje NFC-tarrassa<\/p><\/div>\n<div id=\"attachment_211\" style=\"width: 347px\" class=\"wp-caption alignnone\"><a href=\"http:\/\/virtuaalivirtuoosit.fi\/wp-content\/uploads\/2016\/09\/akkutesteriqr.jpg\"><img loading=\"lazy\" decoding=\"async\" aria-describedby=\"caption-attachment-211\" class=\" wp-image-211\" src=\"http:\/\/virtuaalivirtuoosit.fi\/wp-content\/uploads\/2016\/09\/akkutesteriqr-300x225.jpg\" alt=\"QR-koodi akkutesterin ohjeeseen\" width=\"341\" height=\"260\" \/><\/a><p id=\"caption-attachment-211\" class=\"wp-caption-text\">QR-koodi akkutesterin ohjeeseen<\/p><\/div>\n<p class=\"x_MsoListParagraph\"><a href=\"http:\/\/virtuaalivirtuoosit.fi\/wp-content\/uploads\/2016\/09\/Midtronics_akkutesteri.pdf\" target=\"_blank\">midtronics_akkutesteri (pdf-tiedosto)<\/a><\/p>\n<p><strong>ICT-ala<\/strong><\/p>\n<p>Varian opiskelijat miettiv\u00e4t NFC-tarrojen mahdollisuuksia Sulautetut j\u00e4rjestelm\u00e4t -opinnoissa ICT-alalla. Opiskelijat ohjelmoivat tarroihin mm. tietyn tekstiviestin suoral\u00e4hetyksen ja soiton tiettyyn puhelinnumeroon tarraa lukemalla.<\/p>\n<div id=\"attachment_214\" style=\"width: 306px\" class=\"wp-caption alignnone\"><a href=\"http:\/\/virtuaalivirtuoosit.fi\/wp-content\/uploads\/2016\/09\/20160929_102033.jpg\"><img loading=\"lazy\" decoding=\"async\" aria-describedby=\"caption-attachment-214\" class=\"size-medium wp-image-214\" src=\"http:\/\/virtuaalivirtuoosit.fi\/wp-content\/uploads\/2016\/09\/20160929_102033-300x180.jpg\" alt=\"Myyrm\u00e4ess\u00e4 29.9.2016 pohdittiin NFC-tarrojen mahdollisuuksia\" width=\"300\" height=\"180\" srcset=\"https:\/\/virtuaalivirtuoosit.fi\/wp-content\/uploads\/2016\/09\/20160929_102033-300x180.jpg 300w, https:\/\/virtuaalivirtuoosit.fi\/wp-content\/uploads\/2016\/09\/20160929_102033-768x461.jpg 768w, https:\/\/virtuaalivirtuoosit.fi\/wp-content\/uploads\/2016\/09\/20160929_102033-1024x614.jpg 1024w\" sizes=\"auto, (max-width: 300px) 100vw, 300px\" \/><\/a><p id=\"caption-attachment-214\" class=\"wp-caption-text\">Myyrm\u00e4ess\u00e4 29.9.2016 pohdittiin NFC-tarrojen mahdollisuuksia<\/p><\/div>\n<p>Muita vinkkej\u00e4 NFC-tarrojen k\u00e4ytt\u00f6\u00f6n l\u00f6ytyy esimerkiksi <a href=\"http:\/\/tagm.eu\/nfcnetstore\/tip4.html\" target=\"_blank\">NFC Netstoren<\/a>\u00a0sivuilta.<\/p>\n<p>ICT-alan kolmannen vuoden opiskelija teki syksyn 2016 projektity\u00f6n\u00e4 NFC-tarroituksen Varian kansainv\u00e4lisest\u00e4 yhteisty\u00f6st\u00e4. Hiekkaharjun toimipisteen ruokalan sein\u00e4ll\u00e4 olevaan karttaan tarroitettiin tietoa opiskelijavaihtopaikoista:<\/p>\n<p><a href=\"http:\/\/virtuaalivirtuoosit.fi\/wp-content\/uploads\/2016\/09\/20161117_101559.jpg\"><img loading=\"lazy\" decoding=\"async\" class=\"alignnone size-medium wp-image-284\" src=\"http:\/\/virtuaalivirtuoosit.fi\/wp-content\/uploads\/2016\/09\/20161117_101559-300x180.jpg\" alt=\"20161117_101559\" width=\"300\" height=\"180\" srcset=\"https:\/\/virtuaalivirtuoosit.fi\/wp-content\/uploads\/2016\/09\/20161117_101559-300x180.jpg 300w, https:\/\/virtuaalivirtuoosit.fi\/wp-content\/uploads\/2016\/09\/20161117_101559-768x461.jpg 768w, https:\/\/virtuaalivirtuoosit.fi\/wp-content\/uploads\/2016\/09\/20161117_101559-1024x614.jpg 1024w\" sizes=\"auto, (max-width: 300px) 100vw, 300px\" \/><\/a><\/p>\n<p>Kartassa on t\u00e4ll\u00e4 hetkell\u00e4 14 erilaista sis\u00e4lt\u00f6\u00e4.<\/p>\n<p><a href=\"http:\/\/virtuaalivirtuoosit.fi\/wp-content\/uploads\/2016\/09\/1479372564851.jpg\"><img loading=\"lazy\" decoding=\"async\" class=\"alignnone size-medium wp-image-285\" src=\"http:\/\/virtuaalivirtuoosit.fi\/wp-content\/uploads\/2016\/09\/1479372564851-300x300.jpg\" alt=\"1479372564851\" width=\"300\" height=\"300\" srcset=\"https:\/\/virtuaalivirtuoosit.fi\/wp-content\/uploads\/2016\/09\/1479372564851-300x300.jpg 300w, https:\/\/virtuaalivirtuoosit.fi\/wp-content\/uploads\/2016\/09\/1479372564851-150x150.jpg 150w, https:\/\/virtuaalivirtuoosit.fi\/wp-content\/uploads\/2016\/09\/1479372564851-768x768.jpg 768w, https:\/\/virtuaalivirtuoosit.fi\/wp-content\/uploads\/2016\/09\/1479372564851-50x50.jpg 50w, https:\/\/virtuaalivirtuoosit.fi\/wp-content\/uploads\/2016\/09\/1479372564851.jpg 1024w\" sizes=\"auto, (max-width: 300px) 100vw, 300px\" \/><\/a><\/p>\n<p>ICT-alan opiskelijoiden ty\u00f6n\u00e4 (ryhm\u00e4 OJSATTN16C) valmistuu my\u00f6s syksyn 2016 aikana ison s\u00e4hk\u00f6puolen ty\u00f6salin hyllyjen ja tarvikevarastojen tarroitus.<\/p>\n<p><strong>Hotelli-, ravintola- ja catering-ala<\/strong><\/p>\n<p>Hotelli-, ravintola- ja catering-alalla opettajien ja opiskelijoiden yhteisty\u00f6n\u00e4 on syntynyt videoita tutkinnon osien sis\u00e4ll\u00f6ist\u00e4. Lis\u00e4ksi aiemmassa hankkeessa tehtyj\u00e4 videoita on editoitu linkitett\u00e4viksi NFC-tarroihin, joita voidaan liitt\u00e4\u00e4 ohjeiksi esimerkiksi pesukoneen ja mankelin yhteyteen.<\/p>\n<p>Mukana videoita tekem\u00e4ss\u00e4 on ollut 2. vuosikurssin opiskelijoita. Fiilis on ollut hyv\u00e4 ja ideasta on pidetty. Osaamisen dokumentointi on opiskelijoista mukavaa ja on kiva katsoa valmista videota. Videoita k\u00e4ytet\u00e4\u00e4n opetuksessa ja opiskelijat my\u00f6s jakavat niit\u00e4 omissa blogeissaan \u00a0ja k\u00e4ytt\u00e4v\u00e4t mm. oman osaamisensa esittelyss\u00e4 (ty\u00f6nhaku jne). Videoissa kerrotaan asiat suomeksi ja englanniksi.<\/p>\n<p>Toisessa hankkeessa kuvattuja videoita NFC-tarroihin:<\/p>\n<p><iframe loading=\"lazy\" src=\"https:\/\/www.youtube.com\/embed\/P6MWeCcmPk8\" width=\"560\" height=\"315\" frameborder=\"0\" allowfullscreen=\"allowfullscreen\"><\/iframe><\/p>\n<p><iframe loading=\"lazy\" src=\"https:\/\/www.youtube.com\/embed\/uEDRiU2GZow?list=PLP-TzIzdv_xktinP4uzlID16FwMDAqdEZ\" width=\"560\" height=\"315\" frameborder=\"0\" allowfullscreen=\"allowfullscreen\"><\/iframe><\/p>\n<p><iframe loading=\"lazy\" src=\"https:\/\/www.youtube.com\/embed\/YuZG7Z-mV0g?list=PLP-TzIzdv_xktinP4uzlID16FwMDAqdEZ\" width=\"560\" height=\"315\" frameborder=\"0\" allowfullscreen=\"allowfullscreen\"><\/iframe><\/p>\n<p><iframe loading=\"lazy\" src=\"https:\/\/www.youtube.com\/embed\/uF_fH16ZUow?list=PLP-TzIzdv_xktinP4uzlID16FwMDAqdEZ\" width=\"560\" height=\"315\" frameborder=\"0\" allowfullscreen=\"allowfullscreen\"><\/iframe><\/p>\n<p>Virtuaalivirtuoosit-hankkeessa tuotettuja sis\u00e4lt\u00f6j\u00e4 NFC-tarroihin:<\/p>\n<p><iframe loading=\"lazy\" src=\"https:\/\/www.youtube.com\/embed\/u1MjhcsdwpM\" width=\"560\" height=\"315\" frameborder=\"0\" allowfullscreen=\"allowfullscreen\"><\/iframe><\/p>\n<p><iframe loading=\"lazy\" src=\"https:\/\/www.youtube.com\/embed\/MjK_HqP9d3Y\" width=\"560\" height=\"315\" frameborder=\"0\" allowfullscreen=\"allowfullscreen\"><\/iframe><\/p>\n<p><iframe loading=\"lazy\" src=\"https:\/\/www.youtube.com\/embed\/hy24engiYww\" width=\"560\" height=\"315\" frameborder=\"0\" allowfullscreen=\"allowfullscreen\"><\/iframe><\/p>\n<p><strong>Tekniikan ala<\/strong><\/p>\n<p>Tekniikan alalla NFC-tarroja oli tekem\u00e4ss\u00e4 1 opettaja ja 8 opiskelijaa kahdesta eri ryhm\u00e4st\u00e4 (TETEKON15B ja 15C).<br \/>\nTarroja tehtiin kone- ja metalliosaston ty\u00f6saleihin. Tarrat ovat ty\u00f6turvallisuusohjeita ja laitteiden k\u00e4ytt\u00f6ohjeita. Niiss\u00e4 on linkkej\u00e4 Google Driven tiedostoihin, Youtube-videoihin sek\u00e4 Verkkovarian NFC-sivuille. Ohjeet ovat joko videoita tai kuvien ja tekstin yhdistelmi\u00e4.<br \/>\n<iframe loading=\"lazy\" src=\"https:\/\/www.youtube.com\/embed\/SQIg7gxuMuw\" width=\"560\" height=\"315\" frameborder=\"0\" allowfullscreen=\"allowfullscreen\"><\/iframe><\/p>\n<p><iframe loading=\"lazy\" src=\"https:\/\/www.youtube.com\/embed\/tidPbscd7Z8\" width=\"560\" height=\"315\" frameborder=\"0\" allowfullscreen=\"allowfullscreen\"><\/iframe><\/p>\n<p><a href=\"http:\/\/www.verkkovaria.fi\/nfc\/kulmahiomakoneen-kayttoohjeet\/\" target=\"_blank\">Kulmahiomakoneen k\u00e4ytt\u00f6ohjeet<\/a><\/p>\n<p>Ohjeita NFC-tarrojen tekemiseen:\u00a0<a href=\"http:\/\/www.verkkovaria.fi\/nfc\/\" target=\"_blank\">http:\/\/www.verkkovaria.fi\/nfc\/<\/a><\/p>\n","protected":false},"excerpt":{"rendered":"<p>HYRIA Syksyn 2016 aikana NFC-tarrat ovat tulossa k\u00e4ytt\u00f6\u00f6n lajintunnistuspelin yhteydess\u00e4. LUKSIA VANTAAN AMMATTIOPISTO VARIA Logistiikka Lukuvuonna 2015-2016 Varian 1.vuoden logistiikan opiskelijaryhm\u00e4 (n. 20 opiskelijaa) k\u00e4vi l\u00e4pi RFID-perusteita. Sama ryhm\u00e4 teki projektin, jossa tarroitettiin kaksi simulaattoria ja kaksi trukkia NFC-tarroilla. My\u00f6s ICT-alan opiskelijat\u00a0opettelivat NFC-tarrojen k\u00e4ytt\u00f6\u00e4 lukuvuonna 2015-2016. Logistiikan opiskelijat tekiv\u00e4t ajoonl\u00e4ht\u00f6tarkastuksen ohjeistuksen ty\u00f6nt\u00f6mastotrukille. Tarra kiinnitettiin trukkiin:&hellip;<\/p>\n","protected":false},"author":1,"featured_media":0,"parent":140,"menu_order":4,"comment_status":"closed","ping_status":"closed","template":"","meta":{"footnotes":""},"class_list":["post-149","page","type-page","status-publish","hentry"],"_links":{"self":[{"href":"https:\/\/virtuaalivirtuoosit.fi\/index.php?rest_route=\/wp\/v2\/pages\/149","targetHints":{"allow":["GET"]}}],"collection":[{"href":"https:\/\/virtuaalivirtuoosit.fi\/index.php?rest_route=\/wp\/v2\/pages"}],"about":[{"href":"https:\/\/virtuaalivirtuoosit.fi\/index.php?rest_route=\/wp\/v2\/types\/page"}],"author":[{"embeddable":true,"href":"https:\/\/virtuaalivirtuoosit.fi\/index.php?rest_route=\/wp\/v2\/users\/1"}],"replies":[{"embeddable":true,"href":"https:\/\/virtuaalivirtuoosit.fi\/index.php?rest_route=%2Fwp%2Fv2%2Fcomments&post=149"}],"version-history":[{"count":26,"href":"https:\/\/virtuaalivirtuoosit.fi\/index.php?rest_route=\/wp\/v2\/pages\/149\/revisions"}],"predecessor-version":[{"id":357,"href":"https:\/\/virtuaalivirtuoosit.fi\/index.php?rest_route=\/wp\/v2\/pages\/149\/revisions\/357"}],"up":[{"embeddable":true,"href":"https:\/\/virtuaalivirtuoosit.fi\/index.php?rest_route=\/wp\/v2\/pages\/140"}],"wp:attachment":[{"href":"https:\/\/virtuaalivirtuoosit.fi\/index.php?rest_route=%2Fwp%2Fv2%2Fmedia&parent=149"}],"curies":[{"name":"wp","href":"https:\/\/api.w.org\/{rel}","templated":true}]}}