{"id":151,"date":"2016-09-21T09:14:49","date_gmt":"2016-09-21T09:14:49","guid":{"rendered":"http:\/\/virtuaalivirtuoosit.fi\/?page_id=151"},"modified":"2016-12-21T08:47:52","modified_gmt":"2016-12-21T08:47:52","slug":"360-ymparistot-ja-vr-lasit","status":"publish","type":"page","link":"https:\/\/virtuaalivirtuoosit.fi\/?page_id=151","title":{"rendered":"Robotiikka ja digitarinat"},"content":{"rendered":"<p><strong>Robotiikkaa loppuseminaarissa<\/strong><\/p>\n<p>Virtuaalivirtuoosit-hankkeen loppuseminaarissa keskityttiin robotiikkaan Cristina Anderssonin mielenkiintoisessa esityksess\u00e4. Esitys sai paljon keskustelua aikaan ja kiitosta\u00a0robotiikan mielenkiintoisesta ja ajatuksia her\u00e4tt\u00e4v\u00e4st\u00e4 esittelyst\u00e4.<\/p>\n<p>AMMATTIOPISTO TAVASTIA<\/p>\n<p><strong>Digitarinat<\/strong><\/p>\n<p>Tavastia Resort 360 \u2013 matkailu- ja ravitsemisalan oppimisymp\u00e4rist\u00f6\u00f6n on tuotettu runsaasti erilaisia oppimista edist\u00e4vi\u00e4 videoita:<\/p>\n<ul>\n<li>hotellin vastaanoton asiakaspalvelutilanteet &#8211; opiskelijat esitt\u00e4v\u00e4t vastaanottovirkailijoita ja asiakkaita erilaisissa tilanteissa ja eri kielill\u00e4<\/li>\n<li>matkailu- ja ravitsemisalan ammattilaisten haastattelut<\/li>\n<li>matkailu- ja ravitsemisalan ammattilaisten ty\u00f6n\u00e4ytteet<\/li>\n<li>ty\u00f6- ja asiakasturvallisuuteen liittyv\u00e4t ohjevideot<\/li>\n<li>baarity\u00f6skentely \u2013 drinkkien valmistamisen ohjevideot<\/li>\n<\/ul>\n<p>&nbsp;<\/p>\n<p>VANTAAN AMMATTIOPISTO VARIA<\/p>\n<p><strong>Digitarinat<\/strong><\/p>\n<p>Varian marata-alan opiskelijat ovat tehneet videoita mm. \u00e0 la carte -tarjoilusta. Tekniikan alalla tehtiin videoita hitsauksesta. Videot ja tietoa hankety\u00f6st\u00e4 l\u00f6ytyy kohdasta <a href=\"http:\/\/virtuaalivirtuoosit.fi\/?page_id=149\" target=\"_blank\">NFC\/RFID<\/a>.<\/p>\n<p><strong>Robotiikka<\/strong><\/p>\n<p>Varian ICT-alan opiskelijat toteuttivat syksyll\u00e4 2016 robotti-projektin. Projektissa oli mukana 1 opettaja ja 10 opiskelijaa kahdesta ICT-alan ryhm\u00e4st\u00e4 (OJSATTN15B ja 15C). Opiskelijat toteuttivat robottiprojektin, jossa rakennettiin ja ohjelmoitiin robotteja. Projekti pilotoi kaikille ammatillisen koulutuksen aloille soveltuvaa robotiikka-sis\u00e4lt\u00f6\u00e4. Rakennus- ja ohjelmointiprojekti perhedytt\u00e4\u00e4 hyvin robotiikan perusteisiin. Opiskelijat aloittivat ohjeen kirjoittamisen vastaavan sis\u00e4ll\u00f6n k\u00e4ytt\u00e4miseksi eri aloilla. T\u00e4ll\u00e4 tavalla hy\u00f6dynnettiin oppilaitoksen opiskelijoiden osaamista ja voidaan jatkossa tehd\u00e4 robotiikkaa tutuksi laajemminkin oppilaitoksen sis\u00e4ll\u00e4.<\/p>\n","protected":false},"excerpt":{"rendered":"<p>Robotiikkaa loppuseminaarissa Virtuaalivirtuoosit-hankkeen loppuseminaarissa keskityttiin robotiikkaan Cristina Anderssonin mielenkiintoisessa esityksess\u00e4. Esitys sai paljon keskustelua aikaan ja kiitosta\u00a0robotiikan mielenkiintoisesta ja ajatuksia her\u00e4tt\u00e4v\u00e4st\u00e4 esittelyst\u00e4. AMMATTIOPISTO TAVASTIA Digitarinat Tavastia Resort 360 \u2013 matkailu- ja ravitsemisalan oppimisymp\u00e4rist\u00f6\u00f6n on tuotettu runsaasti erilaisia oppimista edist\u00e4vi\u00e4 videoita: hotellin vastaanoton asiakaspalvelutilanteet &#8211; opiskelijat esitt\u00e4v\u00e4t vastaanottovirkailijoita ja asiakkaita erilaisissa tilanteissa ja eri kielill\u00e4 matkailu-&hellip;<\/p>\n","protected":false},"author":1,"featured_media":0,"parent":140,"menu_order":5,"comment_status":"closed","ping_status":"closed","template":"","meta":{"footnotes":""},"class_list":["post-151","page","type-page","status-publish","hentry"],"_links":{"self":[{"href":"https:\/\/virtuaalivirtuoosit.fi\/index.php?rest_route=\/wp\/v2\/pages\/151","targetHints":{"allow":["GET"]}}],"collection":[{"href":"https:\/\/virtuaalivirtuoosit.fi\/index.php?rest_route=\/wp\/v2\/pages"}],"about":[{"href":"https:\/\/virtuaalivirtuoosit.fi\/index.php?rest_route=\/wp\/v2\/types\/page"}],"author":[{"embeddable":true,"href":"https:\/\/virtuaalivirtuoosit.fi\/index.php?rest_route=\/wp\/v2\/users\/1"}],"replies":[{"embeddable":true,"href":"https:\/\/virtuaalivirtuoosit.fi\/index.php?rest_route=%2Fwp%2Fv2%2Fcomments&post=151"}],"version-history":[{"count":10,"href":"https:\/\/virtuaalivirtuoosit.fi\/index.php?rest_route=\/wp\/v2\/pages\/151\/revisions"}],"predecessor-version":[{"id":353,"href":"https:\/\/virtuaalivirtuoosit.fi\/index.php?rest_route=\/wp\/v2\/pages\/151\/revisions\/353"}],"up":[{"embeddable":true,"href":"https:\/\/virtuaalivirtuoosit.fi\/index.php?rest_route=\/wp\/v2\/pages\/140"}],"wp:attachment":[{"href":"https:\/\/virtuaalivirtuoosit.fi\/index.php?rest_route=%2Fwp%2Fv2%2Fmedia&parent=151"}],"curies":[{"name":"wp","href":"https:\/\/api.w.org\/{rel}","templated":true}]}}