{"id":62,"date":"2015-12-03T13:06:42","date_gmt":"2015-12-03T13:06:42","guid":{"rendered":"http:\/\/virtuaalivirtuoosit.fi\/?page_id=62"},"modified":"2016-09-21T09:50:50","modified_gmt":"2016-09-21T09:50:50","slug":"hankkeen-toimijat","status":"publish","type":"page","link":"https:\/\/virtuaalivirtuoosit.fi\/?page_id=62","title":{"rendered":"Hankkeen toimijat"},"content":{"rendered":"<p>T\u00e4ss\u00e4 hankkeessa toimivat seuraavat oppilaitokset:<\/p>\n<ul>\n<li>Ammattiopisto Tavastia<\/li>\n<li>Hyria koulutus Oy<\/li>\n<li>L\u00e4nsi-Uudenmaan koulutuskuntayhtym\u00e4 Luksia<\/li>\n<li>Koulutuskeskus Brahe<\/li>\n<li>Vantaan ammattiopisto Varia (koordinoiva oppilaitos)<\/li>\n<\/ul>\n","protected":false},"excerpt":{"rendered":"<p>T\u00e4ss\u00e4 hankkeessa toimivat seuraavat oppilaitokset: Ammattiopisto Tavastia Hyria koulutus Oy L\u00e4nsi-Uudenmaan koulutuskuntayhtym\u00e4 Luksia Koulutuskeskus Brahe Vantaan ammattiopisto Varia (koordinoiva oppilaitos)<\/p>\n","protected":false},"author":2,"featured_media":0,"parent":0,"menu_order":5,"comment_status":"closed","ping_status":"closed","template":"","meta":{"footnotes":""},"class_list":["post-62","page","type-page","status-publish","hentry"],"_links":{"self":[{"href":"https:\/\/virtuaalivirtuoosit.fi\/index.php?rest_route=\/wp\/v2\/pages\/62","targetHints":{"allow":["GET"]}}],"collection":[{"href":"https:\/\/virtuaalivirtuoosit.fi\/index.php?rest_route=\/wp\/v2\/pages"}],"about":[{"href":"https:\/\/virtuaalivirtuoosit.fi\/index.php?rest_route=\/wp\/v2\/types\/page"}],"author":[{"embeddable":true,"href":"https:\/\/virtuaalivirtuoosit.fi\/index.php?rest_route=\/wp\/v2\/users\/2"}],"replies":[{"embeddable":true,"href":"https:\/\/virtuaalivirtuoosit.fi\/index.php?rest_route=%2Fwp%2Fv2%2Fcomments&post=62"}],"version-history":[{"count":5,"href":"https:\/\/virtuaalivirtuoosit.fi\/index.php?rest_route=\/wp\/v2\/pages\/62\/revisions"}],"predecessor-version":[{"id":167,"href":"https:\/\/virtuaalivirtuoosit.fi\/index.php?rest_route=\/wp\/v2\/pages\/62\/revisions\/167"}],"wp:attachment":[{"href":"https:\/\/virtuaalivirtuoosit.fi\/index.php?rest_route=%2Fwp%2Fv2%2Fmedia&parent=62"}],"curies":[{"name":"wp","href":"https:\/\/api.w.org\/{rel}","templated":true}]}}