{"id":68,"date":"2015-12-03T13:18:07","date_gmt":"2015-12-03T13:18:07","guid":{"rendered":"http:\/\/virtuaalivirtuoosit.fi\/?page_id=68"},"modified":"2015-12-17T12:00:49","modified_gmt":"2015-12-17T12:00:49","slug":"ammattiopisto-tavastia","status":"publish","type":"page","link":"https:\/\/virtuaalivirtuoosit.fi\/?page_id=68","title":{"rendered":"Ammattiopisto Tavastia"},"content":{"rendered":"<p><a href=\"https:\/\/suomatakatemia.files.wordpress.com\/2015\/12\/ammattiopisto-tavastia-vc3a4rilogo.jpg\" rel=\"attachment wp-att-62\"><img loading=\"lazy\" decoding=\"async\" class=\"alignnone wp-image-62 size-large\" src=\"https:\/\/suomatakatemia.files.wordpress.com\/2015\/12\/ammattiopisto-tavastia-vc3a4rilogo.jpg?w=1164&amp;h=222\" alt=\"ammattiopisto tavastia v\u00e4rilogo\" width=\"584\" height=\"102\" \/><\/a><\/p>\n<p><a href=\"https:\/\/www.kktavastia.fi\/\" target=\"_blank\"><span style=\"color: #0066cc;\">Koulutuskuntayhtym\u00e4 Tavastia<\/span><\/a>\u00a0on\u00a0ammatillista ja yleissivist\u00e4v\u00e4\u00e4 koulutusta sek\u00e4 nuorille ett\u00e4 aikuisille tarjoava koulutuskuntayhtym\u00e4. Siihen kuuluvat\u00a0Ammattiopisto Tavastia,\u00a0 H\u00e4meenlinnan seudun oppisopimustoimisto, Lukioliikelaitos Tavastia sek\u00e4 Vanajaveden Opisto, joka\u00a0on H\u00e4meenlinnan, Janakkalan ja Hattulan kuntien kansalaisopisto. Vakituista henkil\u00f6kuntaa on 480 ja opiskelijoita 5200. Kuntayhtym\u00e4n 6 j\u00e4senkuntaa ovat: Akaa, Hattula, H\u00e4meenlinna, Janakkala, P\u00e4lk\u00e4ne ja Urjala.<\/p>\n<p><a href=\"https:\/\/www.kktavastia.fi\/ammattiopisto-tavastia\/\" target=\"_blank\"><span style=\"color: #0066cc;\">Ammattiopisto Tavastia<\/span><\/a>\u00a0on toisen asteen ammatillinen oppilaitos, jossa on\u00a0yli 3000 eri ik\u00e4ist\u00e4 opiskelijaa. Oppimisymp\u00e4rist\u00f6j\u00e4 uudistetaan kaiken aikaa ja erityisen\u00e4 painopisteen\u00e4 on tieto- ja viestint\u00e4tekniikka, jota sovelletaan kunkin koulutuksen kohdalla siihen parhaimmin soveltuvalla tavalla.<\/p>\n<p><a href=\"https:\/\/www.facebook.com\/Matkailukilta\" target=\"_blank\"><span style=\"color: #0066cc;\">Matkailukilta Original<\/span><\/a>\u00a0on osa valtakunnallista <a href=\"http:\/\/www.kiltakoulut.fi\/\" target=\"_blank\"><span style=\"color: #0066cc;\">Kiltakoulut<\/span><\/a>-verkostoa, johon kuuluu noin 30 eri aloja edustavaa kiltakoulua <a href=\"http:\/\/kiltakoulut.wikispaces.com\/\" target=\"_blank\"><span style=\"color: #0066cc;\">(kiltakoulut kartalla)<\/span><\/a>. Kiltakoulut-toimintamallissa aktiiviset ammatin opiskelijat hankkivat somea ja mobiilia hy\u00f6dynt\u00e4en vahvan ammattitaidon ja ty\u00f6el\u00e4m\u00e4valmiudet. Yritt\u00e4j\u00e4m\u00e4inen asenne uuden oppimiseen ja toimeen tarttumiseen viev\u00e4t pitk\u00e4lle. Tiimity\u00f6- ja ty\u00f6nopastustaidot ovat kohdallaan ja oppimaan oppimisen aikana hankitut taidot havainnoida, dokumentoida ja reflektoida ty\u00f6teht\u00e4vi\u00e4 tukevat ammattitaidon kasvua viel\u00e4 ty\u00f6urankin aikana.<\/p>\n<p>Matkailukillassa opitaan ensisijaisesti tekem\u00e4ll\u00e4 (learning by doing). Opiskelijat ty\u00f6skentelev\u00e4t opiskelunsa aikana lukuisissa erilaisissa projekteissa\u00a0 koulussa ja ennen kaikkea koulun ulkopuolella.\u00a0Oppimista edist\u00e4v\u00e4 yhteisty\u00f6 matkailualan\u00a0toimijoiden kanssa on Matkailukillalle\u00a0t\u00e4rke\u00e4\u00e4 ja siihen panostetaan paljon.<\/p>\n<p>Yhteisy\u00f6kumppaneitamme ovat mm. H\u00e4meenlinnan seudun ohjelmapalveluyritykset, tapahtumat, majoitusliikkeet ja ravintolat, matkatoimistot, museot\u00a0sek\u00e4\u00a0H\u00e4meenlinnan kaupunki\u00a0ja Linnan Kehitys Oy. Kansallisella tasolla teemme yhteisty\u00f6t\u00e4 mm. Live Nation Finlandin kanssa. Teemme yhteisty\u00f6t\u00e4 muiden matkailualan oppilaitosten kanssa, kuten J\u00e4ms\u00e4n Ammattiopisto ja Oulun Seudun Ammattiopisto. Opiskelijamme ovat ty\u00f6ss\u00e4oppineet viime aikoina kansainv\u00e4lisesti\u00a0mm. Englannissa, Portugalissa, Unkarissa, Espanjassa, Thaimaassa,\u00a0 Namibiassa ja Yhdysvalloissa.<\/p>\n<p>Matkailukillassa voi suorittaa<\/p>\n<ul>\n<li>matkailualan perustutkinnon (matkailupalvelujen tuottaja ja matkailuvirkailija)<\/li>\n<li>matkaoppaan ammattitutkinnon<\/li>\n<li>tapahtumatuottajan ammattitutkinnon<\/li>\n<\/ul>\n<p>Tavastian virtuaalivirtuoosien blogi avautuu <a href=\"https:\/\/tavastianvirtuaalivirtuoosit.wordpress.com\" target=\"_blank\">t\u00e4st\u00e4 linkist\u00e4<\/a>.<\/p>\n<p><a href=\"https:\/\/suomatakatemia.files.wordpress.com\/2015\/12\/matkailukilta.jpg\" rel=\"attachment wp-att-63\"><img loading=\"lazy\" decoding=\"async\" class=\"alignnone wp-image-63 size-large\" src=\"https:\/\/suomatakatemia.files.wordpress.com\/2015\/12\/matkailukilta.jpg?w=1164&amp;h=330\" alt=\"Matkailukilta\" width=\"584\" height=\"157\" \/><\/a><\/p>\n","protected":false},"excerpt":{"rendered":"<p>Koulutuskuntayhtym\u00e4 Tavastia\u00a0on\u00a0ammatillista ja yleissivist\u00e4v\u00e4\u00e4 koulutusta sek\u00e4 nuorille ett\u00e4 aikuisille tarjoava koulutuskuntayhtym\u00e4. Siihen kuuluvat\u00a0Ammattiopisto Tavastia,\u00a0 H\u00e4meenlinnan seudun oppisopimustoimisto, Lukioliikelaitos Tavastia sek\u00e4 Vanajaveden Opisto, joka\u00a0on H\u00e4meenlinnan, Janakkalan ja Hattulan kuntien kansalaisopisto. Vakituista henkil\u00f6kuntaa on 480 ja opiskelijoita 5200. Kuntayhtym\u00e4n 6 j\u00e4senkuntaa ovat: Akaa, Hattula, H\u00e4meenlinna, Janakkala, P\u00e4lk\u00e4ne ja Urjala. Ammattiopisto Tavastia\u00a0on toisen asteen ammatillinen oppilaitos, jossa on\u00a0yli&hellip;<\/p>\n","protected":false},"author":2,"featured_media":0,"parent":62,"menu_order":0,"comment_status":"closed","ping_status":"closed","template":"","meta":{"footnotes":""},"class_list":["post-68","page","type-page","status-publish","hentry"],"_links":{"self":[{"href":"https:\/\/virtuaalivirtuoosit.fi\/index.php?rest_route=\/wp\/v2\/pages\/68","targetHints":{"allow":["GET"]}}],"collection":[{"href":"https:\/\/virtuaalivirtuoosit.fi\/index.php?rest_route=\/wp\/v2\/pages"}],"about":[{"href":"https:\/\/virtuaalivirtuoosit.fi\/index.php?rest_route=\/wp\/v2\/types\/page"}],"author":[{"embeddable":true,"href":"https:\/\/virtuaalivirtuoosit.fi\/index.php?rest_route=\/wp\/v2\/users\/2"}],"replies":[{"embeddable":true,"href":"https:\/\/virtuaalivirtuoosit.fi\/index.php?rest_route=%2Fwp%2Fv2%2Fcomments&post=68"}],"version-history":[{"count":4,"href":"https:\/\/virtuaalivirtuoosit.fi\/index.php?rest_route=\/wp\/v2\/pages\/68\/revisions"}],"predecessor-version":[{"id":109,"href":"https:\/\/virtuaalivirtuoosit.fi\/index.php?rest_route=\/wp\/v2\/pages\/68\/revisions\/109"}],"up":[{"embeddable":true,"href":"https:\/\/virtuaalivirtuoosit.fi\/index.php?rest_route=\/wp\/v2\/pages\/62"}],"wp:attachment":[{"href":"https:\/\/virtuaalivirtuoosit.fi\/index.php?rest_route=%2Fwp%2Fv2%2Fmedia&parent=68"}],"curies":[{"name":"wp","href":"https:\/\/api.w.org\/{rel}","templated":true}]}}