{"id":74,"date":"2015-12-04T04:55:56","date_gmt":"2015-12-04T04:55:56","guid":{"rendered":"http:\/\/virtuaalivirtuoosit.fi\/?page_id=74"},"modified":"2016-09-21T08:54:15","modified_gmt":"2016-09-21T08:54:15","slug":"lansi-uudenmaan-koulutuskuntayhtyma-luksia","status":"publish","type":"page","link":"https:\/\/virtuaalivirtuoosit.fi\/?page_id=74","title":{"rendered":"L\u00e4nsi-Uudenmaan koulutuskuntayhtym\u00e4 Luksia"},"content":{"rendered":"<p>Luksia, L\u00e4nsi-Uudenmaan koulutuskuntayhtym\u00e4<br \/>\nJ\u00e4senkunnat (8):\u00a0Hanko, Inkoo, Karkkila, Kirkkonummi, Lohja, Raasepori, Siuntio ja Vihti<\/p>\n<p>Ammatillista koulutusta nuorille ja aikuisille<\/p>\n<ul>\n<li>Ammatillista perus- ja lis\u00e4koulutusta oppilaitos- ja oppisopimusmuotoisena<\/li>\n<li>Ty\u00f6voima- ja henkil\u00f6st\u00f6koulutusta<\/li>\n<li>Ty\u00f6el\u00e4m\u00e4n kehitt\u00e4mist\u00e4 ja palvelua (TYKE)<\/li>\n<\/ul>\n<p>Luksiasta Virtuaalivirtuooseissa ovat mukana media-assistenttiopiskelijat, jotka tekev\u00e4t hankkeessa asiakaspalvelusimulaattoria.<\/p>\n<p><a href=\"http:\/\/virtuaalivirtuoosit.fi\/wp-content\/uploads\/2015\/12\/luksia1.jpg\"><img loading=\"lazy\" decoding=\"async\" class=\"alignnone size-medium wp-image-132\" src=\"http:\/\/virtuaalivirtuoosit.fi\/wp-content\/uploads\/2015\/12\/luksia1-300x180.jpg\" alt=\"luksia1\" width=\"300\" height=\"180\" srcset=\"https:\/\/virtuaalivirtuoosit.fi\/wp-content\/uploads\/2015\/12\/luksia1-300x180.jpg 300w, https:\/\/virtuaalivirtuoosit.fi\/wp-content\/uploads\/2015\/12\/luksia1-768x461.jpg 768w, https:\/\/virtuaalivirtuoosit.fi\/wp-content\/uploads\/2015\/12\/luksia1-1024x614.jpg 1024w\" sizes=\"auto, (max-width: 300px) 100vw, 300px\" \/><\/a><a href=\"http:\/\/virtuaalivirtuoosit.fi\/wp-content\/uploads\/2015\/12\/luksia2.jpg\"><img loading=\"lazy\" decoding=\"async\" class=\"alignnone size-medium wp-image-133\" src=\"http:\/\/virtuaalivirtuoosit.fi\/wp-content\/uploads\/2015\/12\/luksia2-300x180.jpg\" alt=\"luksia2\" width=\"300\" height=\"180\" srcset=\"https:\/\/virtuaalivirtuoosit.fi\/wp-content\/uploads\/2015\/12\/luksia2-300x180.jpg 300w, https:\/\/virtuaalivirtuoosit.fi\/wp-content\/uploads\/2015\/12\/luksia2-768x461.jpg 768w, https:\/\/virtuaalivirtuoosit.fi\/wp-content\/uploads\/2015\/12\/luksia2-1024x614.jpg 1024w\" sizes=\"auto, (max-width: 300px) 100vw, 300px\" \/><\/a><\/p>\n","protected":false},"excerpt":{"rendered":"<p>Luksia, L\u00e4nsi-Uudenmaan koulutuskuntayhtym\u00e4 J\u00e4senkunnat (8):\u00a0Hanko, Inkoo, Karkkila, Kirkkonummi, Lohja, Raasepori, Siuntio ja Vihti Ammatillista koulutusta nuorille ja aikuisille Ammatillista perus- ja lis\u00e4koulutusta oppilaitos- ja oppisopimusmuotoisena Ty\u00f6voima- ja henkil\u00f6st\u00f6koulutusta Ty\u00f6el\u00e4m\u00e4n kehitt\u00e4mist\u00e4 ja palvelua (TYKE) Luksiasta Virtuaalivirtuooseissa ovat mukana media-assistenttiopiskelijat, jotka tekev\u00e4t hankkeessa asiakaspalvelusimulaattoria.<\/p>\n","protected":false},"author":2,"featured_media":0,"parent":62,"menu_order":0,"comment_status":"closed","ping_status":"closed","template":"","meta":{"footnotes":""},"class_list":["post-74","page","type-page","status-publish","hentry"],"_links":{"self":[{"href":"https:\/\/virtuaalivirtuoosit.fi\/index.php?rest_route=\/wp\/v2\/pages\/74","targetHints":{"allow":["GET"]}}],"collection":[{"href":"https:\/\/virtuaalivirtuoosit.fi\/index.php?rest_route=\/wp\/v2\/pages"}],"about":[{"href":"https:\/\/virtuaalivirtuoosit.fi\/index.php?rest_route=\/wp\/v2\/types\/page"}],"author":[{"embeddable":true,"href":"https:\/\/virtuaalivirtuoosit.fi\/index.php?rest_route=\/wp\/v2\/users\/2"}],"replies":[{"embeddable":true,"href":"https:\/\/virtuaalivirtuoosit.fi\/index.php?rest_route=%2Fwp%2Fv2%2Fcomments&post=74"}],"version-history":[{"count":6,"href":"https:\/\/virtuaalivirtuoosit.fi\/index.php?rest_route=\/wp\/v2\/pages\/74\/revisions"}],"predecessor-version":[{"id":136,"href":"https:\/\/virtuaalivirtuoosit.fi\/index.php?rest_route=\/wp\/v2\/pages\/74\/revisions\/136"}],"up":[{"embeddable":true,"href":"https:\/\/virtuaalivirtuoosit.fi\/index.php?rest_route=\/wp\/v2\/pages\/62"}],"wp:attachment":[{"href":"https:\/\/virtuaalivirtuoosit.fi\/index.php?rest_route=%2Fwp%2Fv2%2Fmedia&parent=74"}],"curies":[{"name":"wp","href":"https:\/\/api.w.org\/{rel}","templated":true}]}}