{"id":76,"date":"2015-12-04T04:56:36","date_gmt":"2015-12-04T04:56:36","guid":{"rendered":"http:\/\/virtuaalivirtuoosit.fi\/?page_id=76"},"modified":"2016-09-21T09:04:22","modified_gmt":"2016-09-21T09:04:22","slug":"raahen-ammattiopisto","status":"publish","type":"page","link":"https:\/\/virtuaalivirtuoosit.fi\/?page_id=76","title":{"rendered":"Koulutuskeskus Brahe"},"content":{"rendered":"<p>Koulutuskeskus Brahen virtuaalivirtuooseja voit seurata osoitteessa:\u00a0<a href=\"http:\/\/www.lybesaitti.com\/virtuaalivirtuoosit\">www.lybesaitti.com\/virtuaalivirtuoosit<\/a><\/p>\n<p>Virtuaalivirtuoosit-hankkeessa Raahesta on mukana Koulutuskeskus Brahe (Raahen ammattiopisto, Lybeckerin opisto, Ruukin maaseutuopisto,Raahen Aiku, sek\u00e4 Raahen oppisopimuskeskus).\u00a0Hankkeen toimijoina n\u00e4ist\u00e4 ty\u00f6skentelev\u00e4t Raahen ammattiopisto ja Lybeckerin opisto.<\/p>\n<p><strong>Opintopolkijat-ty\u00f6ryhm\u00e4<\/strong> koostuu Raahen Lybeckerin opiston opiskelijoista ja opettajista.<\/p>\n<p>Opiskelijoita on nelj\u00e4lt\u00e4 eri ammattilinjalta;\u00a0mediatuotanto, peli- ja animaatiotuotanto,\u00a0sis\u00e4rakennus, sek\u00e4 graafinen suunnittelu,\u00a0joten ammatillinen osaaminen ty\u00f6ryhm\u00e4ss\u00e4mme on laaja.\u00a0Animaatiopuolen opiskelijamme ty\u00f6st\u00e4v\u00e4t Lybeckerin peli\u00e4,\u00a0josta l\u00f6yd\u00e4t lis\u00e4\u00e4 osiosta \u201cOpintopolkijat\u201d.\u00a0Mediatuotannon opiskelijamme ty\u00f6st\u00e4v\u00e4t Lybesaitti-verkkosivua,\u00a0jonne ilmestyy v\u00e4liaikatietoja projektin etenemisest\u00e4,\u00a0sek\u00e4 loppujenlopuksi pelit,\u00a0joita opiskelijat ovat ty\u00f6st\u00e4neet.\u00a0Sis\u00e4rakennuspuolen opiskelijamme suunnittelevat Lybeckerin peliin\u00a0peliymp\u00e4rist\u00f6n, joka koostuu huoneista.\u00a0Graafisen suunnittelun opiskelijamme auttaa\u00a0v\u00e4rimaailman ja grafiikoiden ty\u00f6st\u00e4misess\u00e4,\u00a0sek\u00e4 valmistelee opintopolkijoiden logoa.\u00a0Opettajat ovat opiskelijoidemme tukena projektissa.<\/p>\n<p><strong>Autopaja-ty\u00f6ryhm\u00e4<\/strong> koostuu Raahen Lybeckerin opiston ja Raahen ammattiopiston opiskelijoista ja opettajista.<\/p>\n<p>Opiskelijoita on mukana Lybeckerilt\u00e4 peli- ja animaatiotuotanto puolelta, sek\u00e4 ammattikoululta toisen vuoden autopuolen opiskelijat, joten ammattitaitoa pelin tekemiseen l\u00f6ytyy.\u00a0Animaatiopuolen opiskelijat tekev\u00e4t yhdess\u00e4 autopuolen opiskelijoiden kanssa simulaatiopeli\u00e4.\u00a0Opettajat ovat opiskelijoiden tukena projektissa.<\/p>\n<p><a href=\"http:\/\/virtuaalivirtuoosit.fi\/wp-content\/uploads\/2016\/09\/Brahe-cropped-MG_2057.jpg\"><img loading=\"lazy\" decoding=\"async\" class=\"alignnone size-medium wp-image-123\" src=\"http:\/\/virtuaalivirtuoosit.fi\/wp-content\/uploads\/2016\/09\/Brahe-cropped-MG_2057-300x134.jpg\" alt=\"brahe-cropped-mg_2057\" width=\"300\" height=\"134\" srcset=\"https:\/\/virtuaalivirtuoosit.fi\/wp-content\/uploads\/2016\/09\/Brahe-cropped-MG_2057-300x134.jpg 300w, https:\/\/virtuaalivirtuoosit.fi\/wp-content\/uploads\/2016\/09\/Brahe-cropped-MG_2057-768x343.jpg 768w, https:\/\/virtuaalivirtuoosit.fi\/wp-content\/uploads\/2016\/09\/Brahe-cropped-MG_2057-1024x457.jpg 1024w, https:\/\/virtuaalivirtuoosit.fi\/wp-content\/uploads\/2016\/09\/Brahe-cropped-MG_2057.jpg 1920w\" sizes=\"auto, (max-width: 300px) 100vw, 300px\" \/><\/a><\/p>\n","protected":false},"excerpt":{"rendered":"<p>Koulutuskeskus Brahen virtuaalivirtuooseja voit seurata osoitteessa:\u00a0www.lybesaitti.com\/virtuaalivirtuoosit Virtuaalivirtuoosit-hankkeessa Raahesta on mukana Koulutuskeskus Brahe (Raahen ammattiopisto, Lybeckerin opisto, Ruukin maaseutuopisto,Raahen Aiku, sek\u00e4 Raahen oppisopimuskeskus).\u00a0Hankkeen toimijoina n\u00e4ist\u00e4 ty\u00f6skentelev\u00e4t Raahen ammattiopisto ja Lybeckerin opisto. Opintopolkijat-ty\u00f6ryhm\u00e4 koostuu Raahen Lybeckerin opiston opiskelijoista ja opettajista. Opiskelijoita on nelj\u00e4lt\u00e4 eri ammattilinjalta;\u00a0mediatuotanto, peli- ja animaatiotuotanto,\u00a0sis\u00e4rakennus, sek\u00e4 graafinen suunnittelu,\u00a0joten ammatillinen osaaminen ty\u00f6ryhm\u00e4ss\u00e4mme on laaja.\u00a0Animaatiopuolen opiskelijamme&hellip;<\/p>\n","protected":false},"author":2,"featured_media":0,"parent":62,"menu_order":0,"comment_status":"closed","ping_status":"closed","template":"","meta":{"footnotes":""},"class_list":["post-76","page","type-page","status-publish","hentry"],"_links":{"self":[{"href":"https:\/\/virtuaalivirtuoosit.fi\/index.php?rest_route=\/wp\/v2\/pages\/76","targetHints":{"allow":["GET"]}}],"collection":[{"href":"https:\/\/virtuaalivirtuoosit.fi\/index.php?rest_route=\/wp\/v2\/pages"}],"about":[{"href":"https:\/\/virtuaalivirtuoosit.fi\/index.php?rest_route=\/wp\/v2\/types\/page"}],"author":[{"embeddable":true,"href":"https:\/\/virtuaalivirtuoosit.fi\/index.php?rest_route=\/wp\/v2\/users\/2"}],"replies":[{"embeddable":true,"href":"https:\/\/virtuaalivirtuoosit.fi\/index.php?rest_route=%2Fwp%2Fv2%2Fcomments&post=76"}],"version-history":[{"count":5,"href":"https:\/\/virtuaalivirtuoosit.fi\/index.php?rest_route=\/wp\/v2\/pages\/76\/revisions"}],"predecessor-version":[{"id":138,"href":"https:\/\/virtuaalivirtuoosit.fi\/index.php?rest_route=\/wp\/v2\/pages\/76\/revisions\/138"}],"up":[{"embeddable":true,"href":"https:\/\/virtuaalivirtuoosit.fi\/index.php?rest_route=\/wp\/v2\/pages\/62"}],"wp:attachment":[{"href":"https:\/\/virtuaalivirtuoosit.fi\/index.php?rest_route=%2Fwp%2Fv2%2Fmedia&parent=76"}],"curies":[{"name":"wp","href":"https:\/\/api.w.org\/{rel}","templated":true}]}}