{"id":79,"date":"2015-12-04T04:58:53","date_gmt":"2015-12-04T04:58:53","guid":{"rendered":"http:\/\/virtuaalivirtuoosit.fi\/?page_id=79"},"modified":"2016-09-21T09:03:22","modified_gmt":"2016-09-21T09:03:22","slug":"vantaan-ammattiopisto-varia","status":"publish","type":"page","link":"https:\/\/virtuaalivirtuoosit.fi\/?page_id=79","title":{"rendered":"Vantaan ammattiopisto Varia"},"content":{"rendered":"<p><b>Vantaan ammattiopisto Varia<\/b><\/p>\n<p>J\u00e4rjest\u00e4mme Variassa monimuotoista toisen asteen koulutusta nuorille ja aikuisille. Meill\u00e4 on mahdollista opiskella 25 ammatilliseen perustutkintoon, aikuiskoulutuksena lis\u00e4ksi useisiin ylempiin ammattitutkintoihin. Yrityksille ja yhteis\u00f6ille tarjoamme r\u00e4\u00e4t\u00e4l\u00f6ity\u00e4 koulutuspalveluja. T\u00e4ll\u00e4 hetkell\u00e4 meill\u00e4 on noin 3800 opiskelijaa, joista 2700 nuoria ja 1100 aikuisopiskelijoita.<\/p>\n<p>Varian toimipisteet sijaitsevat Tennistiell\u00e4 Hiekkaharjussa, Ojahaantiell\u00e4 Myyrm\u00e4ess\u00e4, R\u00e4lssitiell\u00e4 Aviapoliksessa ja Talvikkitiell\u00e4 Koivukyl\u00e4ss\u00e4.<\/p>\n<p>Lis\u00e4\u00e4 tietoaVariasta: <a href=\"https:\/\/www.varia.fi\/fi\/varia\">www.varia.fi<\/a><\/p>\n<p>Variasta virtuaalivirtuooseja l\u00f6ytyy\u00a0\u00a0ICT-, auto-, logistiikka- ja kone- ja metallialan opiskelijoista ja opettajista. Hankkeen keskeisi\u00e4 teemoja ovat:<\/p>\n<ul>\n<li>Pelillisyys<\/li>\n<li>Mobiililaitteiden ja tablet-tietokoneiden hy\u00f6dynt\u00e4minen ja k\u00e4ytt\u00e4minen BYOD-hengess\u00e4<\/li>\n<li>Oppimisalustoina O365 ja GAfE<\/li>\n<li>RFID- ja NFC-tekniikan hy\u00f6dynt\u00e4minen<\/li>\n<li>360-ymp\u00e4rist\u00f6t ja VR-lasit<\/li>\n<li>Opiskelijat sis\u00e4ll\u00f6ntuottajina (NFC &amp; virtuaaliset ymp\u00e4rist\u00f6t)<\/li>\n<\/ul>\n<p>&nbsp;<\/p>\n<p><a href=\"http:\/\/virtuaalivirtuoosit.fi\/wp-content\/uploads\/2015\/12\/2015-01-15-vantaa-varia-RGB-pa\u0308a\u0308tunnus1.png\" rel=\"attachment wp-att-106\"><img loading=\"lazy\" decoding=\"async\" class=\"size-full wp-image-106 aligncenter\" src=\"http:\/\/virtuaalivirtuoosit.fi\/wp-content\/uploads\/2015\/12\/2015-01-15-vantaa-varia-RGB-pa\u0308a\u0308tunnus1.png\" alt=\"2015-01-15-vantaa-varia-RGB-pa\u0308a\u0308tunnus(1)\" width=\"286\" height=\"286\" srcset=\"https:\/\/virtuaalivirtuoosit.fi\/wp-content\/uploads\/2015\/12\/2015-01-15-vantaa-varia-RGB-pa\u0308a\u0308tunnus1.png 286w, https:\/\/virtuaalivirtuoosit.fi\/wp-content\/uploads\/2015\/12\/2015-01-15-vantaa-varia-RGB-pa\u0308a\u0308tunnus1-150x150.png 150w, https:\/\/virtuaalivirtuoosit.fi\/wp-content\/uploads\/2015\/12\/2015-01-15-vantaa-varia-RGB-pa\u0308a\u0308tunnus1-50x50.png 50w\" sizes=\"auto, (max-width: 286px) 100vw, 286px\" \/><\/a><\/p>\n","protected":false},"excerpt":{"rendered":"<p>Vantaan ammattiopisto Varia J\u00e4rjest\u00e4mme Variassa monimuotoista toisen asteen koulutusta nuorille ja aikuisille. Meill\u00e4 on mahdollista opiskella 25 ammatilliseen perustutkintoon, aikuiskoulutuksena lis\u00e4ksi useisiin ylempiin ammattitutkintoihin. Yrityksille ja yhteis\u00f6ille tarjoamme r\u00e4\u00e4t\u00e4l\u00f6ity\u00e4 koulutuspalveluja. T\u00e4ll\u00e4 hetkell\u00e4 meill\u00e4 on noin 3800 opiskelijaa, joista 2700 nuoria ja 1100 aikuisopiskelijoita. Varian toimipisteet sijaitsevat Tennistiell\u00e4 Hiekkaharjussa, Ojahaantiell\u00e4 Myyrm\u00e4ess\u00e4, R\u00e4lssitiell\u00e4 Aviapoliksessa ja Talvikkitiell\u00e4 Koivukyl\u00e4ss\u00e4.&hellip;<\/p>\n","protected":false},"author":2,"featured_media":0,"parent":62,"menu_order":0,"comment_status":"closed","ping_status":"closed","template":"","meta":{"footnotes":""},"class_list":["post-79","page","type-page","status-publish","hentry"],"_links":{"self":[{"href":"https:\/\/virtuaalivirtuoosit.fi\/index.php?rest_route=\/wp\/v2\/pages\/79","targetHints":{"allow":["GET"]}}],"collection":[{"href":"https:\/\/virtuaalivirtuoosit.fi\/index.php?rest_route=\/wp\/v2\/pages"}],"about":[{"href":"https:\/\/virtuaalivirtuoosit.fi\/index.php?rest_route=\/wp\/v2\/types\/page"}],"author":[{"embeddable":true,"href":"https:\/\/virtuaalivirtuoosit.fi\/index.php?rest_route=\/wp\/v2\/users\/2"}],"replies":[{"embeddable":true,"href":"https:\/\/virtuaalivirtuoosit.fi\/index.php?rest_route=%2Fwp%2Fv2%2Fcomments&post=79"}],"version-history":[{"count":4,"href":"https:\/\/virtuaalivirtuoosit.fi\/index.php?rest_route=\/wp\/v2\/pages\/79\/revisions"}],"predecessor-version":[{"id":137,"href":"https:\/\/virtuaalivirtuoosit.fi\/index.php?rest_route=\/wp\/v2\/pages\/79\/revisions\/137"}],"up":[{"embeddable":true,"href":"https:\/\/virtuaalivirtuoosit.fi\/index.php?rest_route=\/wp\/v2\/pages\/62"}],"wp:attachment":[{"href":"https:\/\/virtuaalivirtuoosit.fi\/index.php?rest_route=%2Fwp%2Fv2%2Fmedia&parent=79"}],"curies":[{"name":"wp","href":"https:\/\/api.w.org\/{rel}","templated":true}]}}